{"id":955,"date":"2025-04-14T11:50:51","date_gmt":"2025-04-14T04:50:51","guid":{"rendered":"https:\/\/lannetcomvn906.mbws.vn\/support-consulting\/"},"modified":"2026-01-14T09:46:19","modified_gmt":"2026-01-14T02:46:19","slug":"tu-van-ho-tro","status":"publish","type":"page","link":"https:\/\/lannet.com.vn\/vi\/tu-van-ho-tro\/","title":{"rendered":"T\u01b0 v\u1ea5n &#038; H\u1ed7 tr\u1ee3"},"content":{"rendered":"\t<section class=\"section\" id=\"section_1627413479\">\n\t\t<div class=\"bg section-bg fill bg-fill  bg-loaded\" >\n\n\t\t\t\n\t\t\t\n\t\t\t\n\n\t\t<\/div>\n\n\t\t\n\n\t\t<div class=\"section-content relative\">\n\t\t\t\n<div class=\"row\"  id=\"row-1627422796\">\n\n\t<div id=\"col-391799512\" class=\"col small-12 large-12\"  >\n\t\t\t\t<div class=\"col-inner\"  >\n\t\t\t\n\t\t\t\n\t<div id=\"text-3541932498\" class=\"text\">\n\t\t\n<h1 class=\"font_0 wixui-rich-text__text\"><span class=\"wixui-rich-text__text\">T\u01b0 v\u1ea5n &amp; H\u1ed7 tr\u1ee3<\/span><\/h1>\n\t\t\n<style>\n#text-3541932498 {\n  font-size: 2rem;\n}\n<\/style>\n\t<\/div>\n\t\n<div class=\"row\"  id=\"row-649004615\">\n\n\t<div id=\"col-1538506836\" class=\"col medium-2 small-12 large-2\"  >\n\t\t\t\t<div class=\"col-inner\"  >\n\t\t\t\n\t<div class=\"is-border\"\n\t\tstyle=\"border-color:rgb(26, 43, 109);border-width:3px 0px 0px 0px;margin:20px 0px 0px 0px;\">\n\t<\/div>\n\t\t\t\n\t\t<\/div>\n\t\t\t\t\t<\/div>\n\n\t\n\n\t<div id=\"col-2021795788\" class=\"col medium-10 small-12 large-10\"  >\n\t\t\t\t<div class=\"col-inner text-right\"  >\n\t\t\t\n\t\t\t\n\t<div id=\"text-3402640100\" class=\"text\">\n\t\t\n<p style=\"text-align: justify;\"><strong data-start=\"831\" data-end=\"851\">LanNet Solutions<\/strong> t\u1ef1 h\u00e0o chuy\u00ean cung c\u1ea5p c\u00e1c gi\u1ea3i ph\u00e1p h\u00e0ng \u0111\u1ea7u trong l\u0129nh v\u1ef1c h\u1ec7 th\u1ed1ng c\u00e1p c\u1ea5u tr\u00fac, m\u1ea1ng m\u00e1y t\u00ednh, gi\u00e1m s\u00e1t CCTV, h\u1ec7 th\u1ed1ng nghe nh\u00ecn (AV), ki\u1ec3m so\u00e1t ra v\u00e0o v\u00e0 h\u1ec7 th\u1ed1ng \u00e2m thanh th\u00f4ng b\u00e1o (PA). \u0110\u1ed9i ng\u0169 c\u1ee7a ch\u00fang t\u00f4i cam k\u1ebft mang \u0111\u1ebfn c\u00e1c d\u1ecbch v\u1ee5 ch\u1ea5t l\u01b0\u1ee3ng cao, \u0111\u01b0\u1ee3c t\u00f9y ch\u1ec9nh ho\u00e0n to\u00e0n \u0111\u1ec3 \u0111\u00e1p \u1ee9ng y\u00eau c\u1ea7u ri\u00eang bi\u1ec7t c\u1ee7a t\u1eebng kh\u00e1ch h\u00e0ng. Ch\u00fang t\u00f4i t\u1ef1 h\u00e0o v\u1ec1 n\u0103ng l\u1ef1c k\u1ef9 thu\u1eadt c\u0169ng nh\u01b0 kh\u1ea3 n\u0103ng li\u00ean t\u1ee5c v\u01b0\u1ee3t tr\u00ean mong \u0111\u1ee3i c\u1ee7a kh\u00e1ch h\u00e0ng. Ch\u00ednh s\u1ef1 cam k\u1ebft m\u1ea1nh m\u1ebd v\u1ec1 ch\u1ea5t l\u01b0\u1ee3ng v\u00e0 \u0111\u1ed5i m\u1edbi n\u00e0y \u0111\u00e3 t\u1ea1o n\u00ean s\u1ef1 kh\u00e1c bi\u1ec7t c\u1ee7a ch\u00fang t\u00f4i so v\u1edbi c\u00e1c \u0111\u1ed1i th\u1ee7 tr\u00ean th\u1ecb tr\u01b0\u1eddng.<\/p>\n\t\t\n<style>\n#text-3402640100 {\n  text-align: left;\n}\n<\/style>\n\t<\/div>\n\t\n\t\t<\/div>\n\t\t\t\t\t<\/div>\n\n\t\n<\/div>\n<div class=\"row\"  id=\"row-551764184\">\n\n\t<div id=\"col-670851338\" class=\"col medium-4 small-12 large-4\"  >\n\t\t\t\t<div class=\"col-inner\"  >\n\t\t\t\n\t\t\t\n\t<div class=\"img has-hover x md-x lg-x y md-y lg-y\" id=\"image_435693962\">\n\t\t\t\t\t\t\t\t<div class=\"img-inner image-cover dark\" style=\"padding-top:75%;\">\n\t\t\t<img loading=\"lazy\" decoding=\"async\" width=\"1020\" height=\"462\" src=\"https:\/\/lannet.com.vn\/wp-content\/uploads\/2026\/01\/download-18-1024x464.png\" class=\"attachment-large size-large\" alt=\"\" srcset=\"https:\/\/lannet.com.vn\/wp-content\/uploads\/2026\/01\/download-18-1024x464.png 1024w, https:\/\/lannet.com.vn\/wp-content\/uploads\/2026\/01\/download-18-300x136.png 300w, https:\/\/lannet.com.vn\/wp-content\/uploads\/2026\/01\/download-18-768x348.png 768w, https:\/\/lannet.com.vn\/wp-content\/uploads\/2026\/01\/download-18-1536x697.png 1536w, https:\/\/lannet.com.vn\/wp-content\/uploads\/2026\/01\/download-18-2048x929.png 2048w\" sizes=\"(max-width: 1020px) 100vw, 1020px\" \/>\t\t\t\t\t\t\n\t\t\t\t\t<\/div>\n\t\t\t\t\t\t\t\t\n<style>\n#image_435693962 {\n  width: 100%;\n}\n<\/style>\n\t<\/div>\n\t\n\t\t<\/div>\n\t\t\t\t\t<\/div>\n\n\t\n\n\t<div id=\"col-393381685\" class=\"col medium-4 small-12 large-4\"  >\n\t\t\t\t<div class=\"col-inner\"  >\n\t\t\t\n\t\t\t\n\t<div class=\"img has-hover x md-x lg-x y md-y lg-y\" id=\"image_576585426\">\n\t\t\t\t\t\t\t\t<div class=\"img-inner image-cover dark\" style=\"padding-top:75%;\">\n\t\t\t<img loading=\"lazy\" decoding=\"async\" width=\"817\" height=\"545\" src=\"https:\/\/lannet.com.vn\/wp-content\/uploads\/2026\/01\/Screenshot_6.png\" class=\"attachment-large size-large\" alt=\"\" srcset=\"https:\/\/lannet.com.vn\/wp-content\/uploads\/2026\/01\/Screenshot_6.png 817w, https:\/\/lannet.com.vn\/wp-content\/uploads\/2026\/01\/Screenshot_6-300x200.png 300w, https:\/\/lannet.com.vn\/wp-content\/uploads\/2026\/01\/Screenshot_6-768x512.png 768w\" sizes=\"(max-width: 817px) 100vw, 817px\" \/>\t\t\t\t\t\t\n\t\t\t\t\t<\/div>\n\t\t\t\t\t\t\t\t\n<style>\n#image_576585426 {\n  width: 100%;\n}\n<\/style>\n\t<\/div>\n\t\n\t\t<\/div>\n\t\t\t\t\t<\/div>\n\n\t\n\n\t<div id=\"col-1044054734\" class=\"col medium-4 small-12 large-4\"  >\n\t\t\t\t<div class=\"col-inner\"  >\n\t\t\t\n\t\t\t\n\t<div class=\"img has-hover x md-x lg-x y md-y lg-y\" id=\"image_1105453710\">\n\t\t\t\t\t\t\t\t<div class=\"img-inner image-cover dark\" style=\"padding-top:75%;\">\n\t\t\t<img loading=\"lazy\" decoding=\"async\" width=\"966\" height=\"644\" src=\"https:\/\/lannet.com.vn\/wp-content\/uploads\/2026\/01\/Screenshot_7.png\" class=\"attachment-large size-large\" alt=\"\" srcset=\"https:\/\/lannet.com.vn\/wp-content\/uploads\/2026\/01\/Screenshot_7.png 966w, https:\/\/lannet.com.vn\/wp-content\/uploads\/2026\/01\/Screenshot_7-300x200.png 300w, https:\/\/lannet.com.vn\/wp-content\/uploads\/2026\/01\/Screenshot_7-768x512.png 768w\" sizes=\"(max-width: 966px) 100vw, 966px\" \/>\t\t\t\t\t\t\n\t\t\t\t\t<\/div>\n\t\t\t\t\t\t\t\t\n<style>\n#image_1105453710 {\n  width: 100%;\n}\n<\/style>\n\t<\/div>\n\t\n\t\t<\/div>\n\t\t\t\t\t<\/div>\n\n\t\n<\/div>\n\t\t<\/div>\n\t\t\t\t\t<\/div>\n\n\t\n\n<style>\n#row-1627422796 > .col > .col-inner {\n  background-color: #f2f2f2;\n}\n<\/style>\n<\/div>\n\t\t<\/div>\n\n\t\t\n<style>\n#section_1627413479 {\n  padding-top: 0px;\n  padding-bottom: 0px;\n  background-color: rgb(255, 255, 255);\n}\n<\/style>\n\t<\/section>\n\t\n","protected":false},"excerpt":{"rendered":"","protected":false},"author":1,"featured_media":0,"parent":0,"menu_order":0,"comment_status":"closed","ping_status":"closed","template":"page-blank.php","meta":{"inline_featured_image":false,"footnotes":""},"_links":{"self":[{"href":"https:\/\/lannet.com.vn\/vi\/wp-json\/wp\/v2\/pages\/955"}],"collection":[{"href":"https:\/\/lannet.com.vn\/vi\/wp-json\/wp\/v2\/pages"}],"about":[{"href":"https:\/\/lannet.com.vn\/vi\/wp-json\/wp\/v2\/types\/page"}],"author":[{"embeddable":true,"href":"https:\/\/lannet.com.vn\/vi\/wp-json\/wp\/v2\/users\/1"}],"replies":[{"embeddable":true,"href":"https:\/\/lannet.com.vn\/vi\/wp-json\/wp\/v2\/comments?post=955"}],"version-history":[{"count":7,"href":"https:\/\/lannet.com.vn\/vi\/wp-json\/wp\/v2\/pages\/955\/revisions"}],"predecessor-version":[{"id":1379,"href":"https:\/\/lannet.com.vn\/vi\/wp-json\/wp\/v2\/pages\/955\/revisions\/1379"}],"wp:attachment":[{"href":"https:\/\/lannet.com.vn\/vi\/wp-json\/wp\/v2\/media?parent=955"}],"curies":[{"name":"wp","href":"https:\/\/api.w.org\/{rel}","templated":true}]}}