{"id":951,"date":"2025-04-14T11:49:53","date_gmt":"2025-04-14T04:49:53","guid":{"rendered":"https:\/\/lannetcomvn906.mbws.vn\/pa-system\/"},"modified":"2026-01-14T09:43:30","modified_gmt":"2026-01-14T02:43:30","slug":"he-thong-am-thanh-thong-bao-pa","status":"publish","type":"page","link":"https:\/\/lannet.com.vn\/vi\/he-thong-am-thanh-thong-bao-pa\/","title":{"rendered":"H\u1ec7 th\u1ed1ng \u00e2m thanh th\u00f4ng b\u00e1o (PA)"},"content":{"rendered":"\t<section class=\"section\" id=\"section_1197850981\">\n\t\t<div class=\"bg section-bg fill bg-fill  bg-loaded\" >\n\n\t\t\t\n\t\t\t\n\t\t\t\n\n\t\t<\/div>\n\n\t\t\n\n\t\t<div class=\"section-content relative\">\n\t\t\t\n<div class=\"row\"  id=\"row-846131943\">\n\n\t<div id=\"col-1946749967\" class=\"col small-12 large-12\"  >\n\t\t\t\t<div class=\"col-inner\"  >\n\t\t\t\n\t\t\t\n\t<div id=\"text-1551552067\" class=\"text\">\n\t\t\n<h1 class=\"font_0 wixui-rich-text__text\">H\u1ec7 th\u1ed1ng \u00e2m thanh th\u00f4ng b\u00e1o (PA)<\/h1>\n\t\t\n<style>\n#text-1551552067 {\n  font-size: 2rem;\n}\n<\/style>\n\t<\/div>\n\t\n<div class=\"row\"  id=\"row-1774206735\">\n\n\t<div id=\"col-467961383\" class=\"col medium-2 small-12 large-2\"  >\n\t\t\t\t<div class=\"col-inner\"  >\n\t\t\t\n\t<div class=\"is-border\"\n\t\tstyle=\"border-color:rgb(26, 43, 109);border-width:3px 0px 0px 0px;margin:20px 0px 0px 0px;\">\n\t<\/div>\n\t\t\t\n\t\t<\/div>\n\t\t\t\t\t<\/div>\n\n\t\n\n\t<div id=\"col-1835710522\" class=\"col medium-10 small-12 large-10\"  >\n\t\t\t\t<div class=\"col-inner text-right\"  >\n\t\t\t\n\t\t\t\n\t<div id=\"text-2793714214\" class=\"text\">\n\t\t\n<p style=\"text-align: justify;\">Ch\u00e0o m\u1eebng \u0111\u1ebfn v\u1edbi <strong data-start=\"674\" data-end=\"694\">LanNet Solutions<\/strong>! Ch\u00fang t\u00f4i t\u1eadp trung cung c\u1ea5p c\u00e1c gi\u1ea3i ph\u00e1p h\u1ec7 th\u1ed1ng \u00e2m thanh th\u00f4ng b\u00e1o (PA) ch\u1ea5t l\u01b0\u1ee3ng cao, \u0111\u01b0\u1ee3c thi\u1ebft k\u1ebf ph\u00f9 h\u1ee3p v\u1edbi nhu c\u1ea7u c\u1ee5 th\u1ec3 c\u1ee7a t\u1eebng kh\u00e1ch h\u00e0ng. \u0110\u1ed9i ng\u0169 t\u1eadn t\u00e2m c\u1ee7a ch\u00fang t\u00f4i lu\u00f4n n\u1ed7 l\u1ef1c mang \u0111\u1ebfn tr\u1ea3i nghi\u1ec7m \u00e2m thanh v\u01b0\u1ee3t tr\u1ed9i, \u0111\u1ea3m b\u1ea3o th\u00f4ng \u0111i\u1ec7p c\u1ee7a b\u1ea1n \u0111\u01b0\u1ee3c truy\u1ec1n t\u1ea3i to, r\u00f5 r\u00e0ng v\u00e0 ch\u00ednh x\u00e1c \u0111\u1ebfn m\u1ecdi \u0111\u1ed1i t\u01b0\u1ee3ng ng\u01b0\u1eddi nghe. H\u00e3y \u0111\u1ec3 ch\u00fang t\u00f4i n\u00e2ng t\u1ea7m h\u1ec7 th\u1ed1ng \u00e2m thanh c\u1ee7a b\u1ea1n v\u00e0 \u0111\u01b0a ch\u00fang l\u00ean m\u1ed9t \u0111\u1eb3ng c\u1ea5p m\u1edbi!<\/p>\n\t\t\n<style>\n#text-2793714214 {\n  text-align: left;\n}\n<\/style>\n\t<\/div>\n\t\n\t\t<\/div>\n\t\t\t\t\t<\/div>\n\n\t\n<\/div>\n<div class=\"row\"  id=\"row-764190470\">\n\n\t<div id=\"col-1086803821\" class=\"col medium-2 small-12 large-2\"  >\n\t\t\t\t<div class=\"col-inner\"  >\n\t\t\t\n\t\t\t\n\t\t<\/div>\n\t\t\t\t\t<\/div>\n\n\t\n\n\t<div id=\"col-1522991424\" class=\"col medium-10 small-12 large-10\"  >\n\t\t\t\t<div class=\"col-inner\"  >\n\t\t\t\n\t\t\t\n\t<div class=\"img has-hover x md-x lg-x y md-y lg-y\" id=\"image_626385676\">\n\t\t\t\t\t\t\t\t<div class=\"img-inner dark\" >\n\t\t\t<img loading=\"lazy\" decoding=\"async\" width=\"1020\" height=\"626\" src=\"https:\/\/lannet.com.vn\/wp-content\/uploads\/2026\/01\/PA-System-1024x628.png\" class=\"attachment-large size-large\" alt=\"\" srcset=\"https:\/\/lannet.com.vn\/wp-content\/uploads\/2026\/01\/PA-System-1024x628.png 1024w, https:\/\/lannet.com.vn\/wp-content\/uploads\/2026\/01\/PA-System-300x184.png 300w, https:\/\/lannet.com.vn\/wp-content\/uploads\/2026\/01\/PA-System-768x471.png 768w, https:\/\/lannet.com.vn\/wp-content\/uploads\/2026\/01\/PA-System.png 1382w\" sizes=\"(max-width: 1020px) 100vw, 1020px\" \/>\t\t\t\t\t\t\n\t\t\t\t\t<\/div>\n\t\t\t\t\t\t\t\t\n<style>\n#image_626385676 {\n  width: 100%;\n}\n<\/style>\n\t<\/div>\n\t\n\t\t<\/div>\n\t\t\t\t\t<\/div>\n\n\t\n<\/div>\n\t\t<\/div>\n\t\t\t\t\t<\/div>\n\n\t\n\n<style>\n#row-846131943 > .col > .col-inner {\n  background-color: #f2f2f2;\n}\n<\/style>\n<\/div>\n\t\t<\/div>\n\n\t\t\n<style>\n#section_1197850981 {\n  padding-top: 0px;\n  padding-bottom: 0px;\n  background-color: rgb(255, 255, 255);\n}\n<\/style>\n\t<\/section>\n\t\n","protected":false},"excerpt":{"rendered":"","protected":false},"author":1,"featured_media":0,"parent":0,"menu_order":0,"comment_status":"closed","ping_status":"closed","template":"page-blank.php","meta":{"inline_featured_image":false,"footnotes":""},"_links":{"self":[{"href":"https:\/\/lannet.com.vn\/vi\/wp-json\/wp\/v2\/pages\/951"}],"collection":[{"href":"https:\/\/lannet.com.vn\/vi\/wp-json\/wp\/v2\/pages"}],"about":[{"href":"https:\/\/lannet.com.vn\/vi\/wp-json\/wp\/v2\/types\/page"}],"author":[{"embeddable":true,"href":"https:\/\/lannet.com.vn\/vi\/wp-json\/wp\/v2\/users\/1"}],"replies":[{"embeddable":true,"href":"https:\/\/lannet.com.vn\/vi\/wp-json\/wp\/v2\/comments?post=951"}],"version-history":[{"count":9,"href":"https:\/\/lannet.com.vn\/vi\/wp-json\/wp\/v2\/pages\/951\/revisions"}],"predecessor-version":[{"id":1376,"href":"https:\/\/lannet.com.vn\/vi\/wp-json\/wp\/v2\/pages\/951\/revisions\/1376"}],"wp:attachment":[{"href":"https:\/\/lannet.com.vn\/vi\/wp-json\/wp\/v2\/media?parent=951"}],"curies":[{"name":"wp","href":"https:\/\/api.w.org\/{rel}","templated":true}]}}