{"id":947,"date":"2025-04-14T11:47:58","date_gmt":"2025-04-14T04:47:58","guid":{"rendered":"https:\/\/lannetcomvn906.mbws.vn\/security-access-control-system\/"},"modified":"2026-01-14T09:56:40","modified_gmt":"2026-01-14T02:56:40","slug":"he-thong-kiem-soat-ra-vao-an-ninh","status":"publish","type":"page","link":"https:\/\/lannet.com.vn\/vi\/he-thong-kiem-soat-ra-vao-an-ninh\/","title":{"rendered":"H\u1ec7 th\u1ed1ng ki\u1ec3m so\u00e1t ra v\u00e0o an ninh"},"content":{"rendered":"\t<section class=\"section\" id=\"section_552320190\">\n\t\t<div class=\"bg section-bg fill bg-fill  bg-loaded\" >\n\n\t\t\t\n\t\t\t\n\t\t\t\n\n\t\t<\/div>\n\n\t\t\n\n\t\t<div class=\"section-content relative\">\n\t\t\t\n<div class=\"row\"  id=\"row-199016718\">\n\n\t<div id=\"col-345696481\" class=\"col small-12 large-12\"  >\n\t\t\t\t<div class=\"col-inner\"  >\n\t\t\t\n\t\t\t\n\t<div id=\"text-131665734\" class=\"text\">\n\t\t\n<h1 class=\"font_0 wixui-rich-text__text\"><span class=\"wixui-rich-text__text\">H\u1ec7 th\u1ed1ng ki\u1ec3m so\u00e1t ra v\u00e0o an ninh<\/span><\/h1>\n\t\t\n<style>\n#text-131665734 {\n  font-size: 2rem;\n}\n<\/style>\n\t<\/div>\n\t\n<div class=\"row\"  id=\"row-2100536092\">\n\n\t<div id=\"col-371477497\" class=\"col medium-2 small-12 large-2\"  >\n\t\t\t\t<div class=\"col-inner\"  >\n\t\t\t\n\t<div class=\"is-border\"\n\t\tstyle=\"border-color:rgb(26, 43, 109);border-width:3px 0px 0px 0px;margin:20px 0px 0px 0px;\">\n\t<\/div>\n\t\t\t\n\t\t<\/div>\n\t\t\t\t\t<\/div>\n\n\t\n\n\t<div id=\"col-1298461589\" class=\"col medium-10 small-12 large-10\"  >\n\t\t\t\t<div class=\"col-inner text-right\"  >\n\t\t\t\n\t\t\t\n\t<div id=\"text-2529362476\" class=\"text\">\n\t\t\n<p style=\"text-align: justify;\">Ch\u00e0o m\u1eebng \u0111\u1ebfn v\u1edbi <strong data-start=\"741\" data-end=\"761\">LanNet Solutions<\/strong>. Ch\u00fang t\u00f4i chuy\u00ean cung c\u1ea5p c\u00e1c h\u1ec7 th\u1ed1ng ki\u1ec3m so\u00e1t ra v\u00e0o ti\u00ean ti\u1ebfn, \u0111\u01b0\u1ee3c thi\u1ebft k\u1ebf nh\u1eb1m n\u00e2ng cao m\u1ee9c \u0111\u1ed9 an ninh v\u00e0 t\u1ed1i \u01b0u h\u00f3a quy tr\u00ecnh v\u1eadn h\u00e0nh doanh nghi\u1ec7p. C\u00e1c gi\u1ea3i ph\u00e1p hi\u1ec7n \u0111\u1ea1i c\u1ee7a ch\u00fang t\u00f4i \u0111\u01b0\u1ee3c t\u00f9y ch\u1ec9nh theo y\u00eau c\u1ea7u c\u1ee5 th\u1ec3 c\u1ee7a t\u1eebng kh\u00e1ch h\u00e0ng, \u0111\u1ea3m b\u1ea3o ch\u1ec9 nh\u1eefng c\u00e1 nh\u00e2n \u0111\u01b0\u1ee3c \u1ee7y quy\u1ec1n m\u1edbi c\u00f3 quy\u1ec1n truy c\u1eadp v\u00e0o c\u01a1 s\u1edf c\u1ee7a b\u1ea1n. H\u00e3y tin t\u01b0\u1edfng ch\u00fang t\u00f4i trong vi\u1ec7c cung c\u1ea5p c\u00e1c h\u1ec7 th\u1ed1ng \u0111\u00e1ng tin c\u1eady, hi\u1ec7u qu\u1ea3 v\u00e0 linh ho\u1ea1t \u0111\u1ec3 b\u1ea3o v\u1ec7 nh\u1eefng gi\u00e1 tr\u1ecb quan tr\u1ecdng nh\u1ea5t c\u1ee7a b\u1ea1n.<\/p>\n\t\t\n<style>\n#text-2529362476 {\n  text-align: left;\n}\n<\/style>\n\t<\/div>\n\t\n\t\t<\/div>\n\t\t\t\t\t<\/div>\n\n\t\n<\/div>\n<div class=\"row\"  id=\"row-1513430730\">\n\n\t<div id=\"col-551746705\" class=\"col medium-2 small-12 large-2\"  >\n\t\t\t\t<div class=\"col-inner\"  >\n\t\t\t\n\t\t\t\n\t\t<\/div>\n\t\t\t\t\t<\/div>\n\n\t\n\n\t<div id=\"col-1396523182\" class=\"col medium-10 small-12 large-10\"  >\n\t\t\t\t<div class=\"col-inner\"  >\n\t\t\t\n\t\t\t\n<div class=\"slider-wrapper relative\" id=\"slider-1200309176\" >\n    <div class=\"slider slider-nav-circle slider-nav-large slider-nav-light slider-style-normal\"\n        data-flickity-options='{\n            \"cellAlign\": \"center\",\n            \"imagesLoaded\": true,\n            \"lazyLoad\": 1,\n            \"freeScroll\": false,\n            \"wrapAround\": true,\n            \"autoPlay\": 6000,\n            \"pauseAutoPlayOnHover\" : true,\n            \"prevNextButtons\": true,\n            \"contain\" : true,\n            \"adaptiveHeight\" : true,\n            \"dragThreshold\" : 10,\n            \"percentPosition\": true,\n            \"pageDots\": true,\n            \"rightToLeft\": false,\n            \"draggable\": true,\n            \"selectedAttraction\": 0.1,\n            \"parallax\" : 0,\n            \"friction\": 0.6        }'\n        >\n        \n\t<div class=\"img has-hover x md-x lg-x y md-y lg-y\" id=\"image_755958706\">\n\t\t\t\t\t\t\t\t<div class=\"img-inner image-cover dark\" style=\"padding-top:45%;\">\n\t\t\t<img loading=\"lazy\" decoding=\"async\" width=\"1200\" height=\"493\" src=\"https:\/\/lannet.com.vn\/wp-content\/uploads\/2026\/01\/Everything-you-need-to-know-to-choose-your-access-control-solution_.png\" class=\"attachment-original size-original\" alt=\"\" srcset=\"https:\/\/lannet.com.vn\/wp-content\/uploads\/2026\/01\/Everything-you-need-to-know-to-choose-your-access-control-solution_.png 1200w, https:\/\/lannet.com.vn\/wp-content\/uploads\/2026\/01\/Everything-you-need-to-know-to-choose-your-access-control-solution_-300x123.png 300w, https:\/\/lannet.com.vn\/wp-content\/uploads\/2026\/01\/Everything-you-need-to-know-to-choose-your-access-control-solution_-1024x421.png 1024w, https:\/\/lannet.com.vn\/wp-content\/uploads\/2026\/01\/Everything-you-need-to-know-to-choose-your-access-control-solution_-768x316.png 768w\" sizes=\"(max-width: 1200px) 100vw, 1200px\" \/>\t\t\t\t\t\t\n\t\t\t\t\t<\/div>\n\t\t\t\t\t\t\t\t\n<style>\n#image_755958706 {\n  width: 100%;\n}\n<\/style>\n\t<\/div>\n\t\n\t<div class=\"img has-hover x md-x lg-x y md-y lg-y\" id=\"image_874794019\">\n\t\t\t\t\t\t\t\t<div class=\"img-inner image-cover dark\" style=\"padding-top:45%;\">\n\t\t\t<img loading=\"lazy\" decoding=\"async\" width=\"1200\" height=\"485\" src=\"https:\/\/lannet.com.vn\/wp-content\/uploads\/2026\/01\/Access-Control-System-SatFocus-Security-Solutions.png\" class=\"attachment-original size-original\" alt=\"\" srcset=\"https:\/\/lannet.com.vn\/wp-content\/uploads\/2026\/01\/Access-Control-System-SatFocus-Security-Solutions.png 1200w, https:\/\/lannet.com.vn\/wp-content\/uploads\/2026\/01\/Access-Control-System-SatFocus-Security-Solutions-300x121.png 300w, https:\/\/lannet.com.vn\/wp-content\/uploads\/2026\/01\/Access-Control-System-SatFocus-Security-Solutions-1024x414.png 1024w, https:\/\/lannet.com.vn\/wp-content\/uploads\/2026\/01\/Access-Control-System-SatFocus-Security-Solutions-768x310.png 768w\" sizes=\"(max-width: 1200px) 100vw, 1200px\" \/>\t\t\t\t\t\t\n\t\t\t\t\t<\/div>\n\t\t\t\t\t\t\t\t\n<style>\n#image_874794019 {\n  width: 100%;\n}\n<\/style>\n\t<\/div>\n\t\n\t<div class=\"img has-hover x md-x lg-x y md-y lg-y\" id=\"image_349899086\">\n\t\t\t\t\t\t\t\t<div class=\"img-inner image-cover dark\" style=\"padding-top:45%;\">\n\t\t\t<img loading=\"lazy\" decoding=\"async\" width=\"2008\" height=\"1018\" src=\"https:\/\/lannet.com.vn\/wp-content\/uploads\/2026\/01\/image-9.png\" class=\"attachment-original size-original\" alt=\"\" srcset=\"https:\/\/lannet.com.vn\/wp-content\/uploads\/2026\/01\/image-9.png 2008w, https:\/\/lannet.com.vn\/wp-content\/uploads\/2026\/01\/image-9-300x152.png 300w, https:\/\/lannet.com.vn\/wp-content\/uploads\/2026\/01\/image-9-1024x519.png 1024w, https:\/\/lannet.com.vn\/wp-content\/uploads\/2026\/01\/image-9-768x389.png 768w, https:\/\/lannet.com.vn\/wp-content\/uploads\/2026\/01\/image-9-1536x779.png 1536w\" sizes=\"(max-width: 2008px) 100vw, 2008px\" \/>\t\t\t\t\t\t\n\t\t\t\t\t<\/div>\n\t\t\t\t\t\t\t\t\n<style>\n#image_349899086 {\n  width: 100%;\n}\n<\/style>\n\t<\/div>\n\t\n\t<div class=\"img has-hover x md-x lg-x y md-y lg-y\" id=\"image_177561009\">\n\t\t\t\t\t\t\t\t<div class=\"img-inner image-cover dark\" style=\"padding-top:45%;\">\n\t\t\t<img loading=\"lazy\" decoding=\"async\" width=\"800\" height=\"320\" src=\"https:\/\/lannet.com.vn\/wp-content\/uploads\/2026\/01\/image-1.jpg\" class=\"attachment-original size-original\" alt=\"\" srcset=\"https:\/\/lannet.com.vn\/wp-content\/uploads\/2026\/01\/image-1.jpg 800w, https:\/\/lannet.com.vn\/wp-content\/uploads\/2026\/01\/image-1-300x120.jpg 300w, https:\/\/lannet.com.vn\/wp-content\/uploads\/2026\/01\/image-1-768x307.jpg 768w\" sizes=\"(max-width: 800px) 100vw, 800px\" \/>\t\t\t\t\t\t\n\t\t\t\t\t<\/div>\n\t\t\t\t\t\t\t\t\n<style>\n#image_177561009 {\n  width: 100%;\n}\n<\/style>\n\t<\/div>\n\t\n     <\/div>\n\n     <div class=\"loading-spin dark large centered\"><\/div>\n\n\t<\/div>\n\n\n\t\t<\/div>\n\t\t\t\t\t<\/div>\n\n\t\n<\/div>\n\t\t<\/div>\n\t\t\t\t\t<\/div>\n\n\t\n\n<style>\n#row-199016718 > .col > .col-inner {\n  background-color: #f2f2f2;\n}\n<\/style>\n<\/div>\n\t\t<\/div>\n\n\t\t\n<style>\n#section_552320190 {\n  padding-top: 0px;\n  padding-bottom: 0px;\n  background-color: rgb(255, 255, 255);\n}\n<\/style>\n\t<\/section>\n\t\n","protected":false},"excerpt":{"rendered":"","protected":false},"author":1,"featured_media":0,"parent":0,"menu_order":0,"comment_status":"closed","ping_status":"closed","template":"page-blank.php","meta":{"inline_featured_image":false,"footnotes":""},"_links":{"self":[{"href":"https:\/\/lannet.com.vn\/vi\/wp-json\/wp\/v2\/pages\/947"}],"collection":[{"href":"https:\/\/lannet.com.vn\/vi\/wp-json\/wp\/v2\/pages"}],"about":[{"href":"https:\/\/lannet.com.vn\/vi\/wp-json\/wp\/v2\/types\/page"}],"author":[{"embeddable":true,"href":"https:\/\/lannet.com.vn\/vi\/wp-json\/wp\/v2\/users\/1"}],"replies":[{"embeddable":true,"href":"https:\/\/lannet.com.vn\/vi\/wp-json\/wp\/v2\/comments?post=947"}],"version-history":[{"count":13,"href":"https:\/\/lannet.com.vn\/vi\/wp-json\/wp\/v2\/pages\/947\/revisions"}],"predecessor-version":[{"id":1394,"href":"https:\/\/lannet.com.vn\/vi\/wp-json\/wp\/v2\/pages\/947\/revisions\/1394"}],"wp:attachment":[{"href":"https:\/\/lannet.com.vn\/vi\/wp-json\/wp\/v2\/media?parent=947"}],"curies":[{"name":"wp","href":"https:\/\/api.w.org\/{rel}","templated":true}]}}