{"id":943,"date":"2025-04-14T11:46:15","date_gmt":"2025-04-14T04:46:15","guid":{"rendered":"https:\/\/lannetcomvn906.mbws.vn\/cctv-av-sytem\/"},"modified":"2026-01-14T09:59:38","modified_gmt":"2026-01-14T02:59:38","slug":"he-thong-cctv-av","status":"publish","type":"page","link":"https:\/\/lannet.com.vn\/vi\/he-thong-cctv-av\/","title":{"rendered":"H\u1ec7 th\u1ed1ng CCTV &#038; AV"},"content":{"rendered":"\t<section class=\"section\" id=\"section_1033094550\">\n\t\t<div class=\"bg section-bg fill bg-fill  bg-loaded\" >\n\n\t\t\t\n\t\t\t\n\t\t\t\n\n\t\t<\/div>\n\n\t\t\n\n\t\t<div class=\"section-content relative\">\n\t\t\t\n<div class=\"row\"  id=\"row-1301266462\">\n\n\t<div id=\"col-955694935\" class=\"col small-12 large-12\"  >\n\t\t\t\t<div class=\"col-inner\"  >\n\t\t\t\n\t\t\t\n\t<div id=\"text-2126116754\" class=\"text\">\n\t\t\n<h1 class=\"font_0 wixui-rich-text__text\"><span class=\"wixui-rich-text__text\"> H\u1ec7 th\u1ed1ng CCTV &amp; AV<\/span><\/h1>\n\t\t\n<style>\n#text-2126116754 {\n  font-size: 2rem;\n}\n<\/style>\n\t<\/div>\n\t\n<div class=\"row\"  id=\"row-1682267247\">\n\n\t<div id=\"col-1590398303\" class=\"col medium-2 small-12 large-2\"  >\n\t\t\t\t<div class=\"col-inner\"  >\n\t\t\t\n\t<div class=\"is-border\"\n\t\tstyle=\"border-color:rgb(26, 43, 109);border-width:3px 0px 0px 0px;margin:20px 0px 0px 0px;\">\n\t<\/div>\n\t\t\t\n\t\t<\/div>\n\t\t\t\t\t<\/div>\n\n\t\n\n\t<div id=\"col-737421079\" class=\"col medium-10 small-12 large-10\"  >\n\t\t\t\t<div class=\"col-inner text-right\"  >\n\t\t\t\n\t\t\t\n\t<div id=\"text-3932362581\" class=\"text\">\n\t\t\n<p style=\"text-align: justify;\">Ch\u00e0o m\u1eebng \u0111\u1ebfn v\u1edbi <strong data-start=\"681\" data-end=\"701\">LanNet Solutions<\/strong>. Ch\u00fang t\u00f4i cam k\u1ebft cung c\u1ea5p c\u00e1c h\u1ec7 th\u1ed1ng CCTV v\u00e0 AV ch\u1ea5t l\u01b0\u1ee3ng cao, \u0111\u01b0\u1ee3c thi\u1ebft k\u1ebf ph\u00f9 h\u1ee3p v\u1edbi nhu c\u1ea7u c\u1ee5 th\u1ec3 c\u1ee7a t\u1eebng kh\u00e1ch h\u00e0ng. V\u1edbi \u0111\u1ecbnh h\u01b0\u1edbng t\u1eadp trung m\u1ea1nh m\u1ebd v\u00e0o ch\u1ea5t l\u01b0\u1ee3ng v\u00e0 \u0111\u1ed5i m\u1edbi c\u00f4ng ngh\u1ec7, ch\u00fang t\u00f4i \u0111\u1ea3m b\u1ea3o mang \u0111\u1ebfn c\u00e1c gi\u1ea3i ph\u00e1p an ninh v\u00e0 nghe nh\u00ecn \u0111\u1ea1t ti\u00eau chu\u1ea9n cao nh\u1ea5t cho gia \u0111\u00ecnh ho\u1eb7c doanh nghi\u1ec7p c\u1ee7a b\u1ea1n. H\u00e3y \u0111\u1ec3 ch\u00fang t\u00f4i n\u00e2ng cao m\u1ee9c \u0111\u1ed9 an to\u00e0n v\u00e0 tr\u1ea3i nghi\u1ec7m t\u1ed5ng th\u1ec3 c\u1ee7a b\u1ea1n th\u00f4ng qua c\u00e1c d\u1ecbch v\u1ee5 chuy\u00ean nghi\u1ec7p h\u00e0ng \u0111\u1ea7u trong ng\u00e0nh.<\/p>\n\t\t\n<style>\n#text-3932362581 {\n  text-align: left;\n}\n<\/style>\n\t<\/div>\n\t\n\t\t<\/div>\n\t\t\t\t\t<\/div>\n\n\t\n<\/div>\n\n  \n    <div class=\"row large-columns-2 medium-columns- small-columns- slider row-slider slider-nav-circle slider-nav-light slider-nav-push\"  data-flickity-options='{\"imagesLoaded\": true, \"groupCells\": \"100%\", \"dragThreshold\" : 5, \"cellAlign\": \"left\",\"wrapAround\": true,\"prevNextButtons\": true,\"percentPosition\": true,\"pageDots\": false, \"rightToLeft\": false, \"autoPlay\" : 3000}' >\n\n  <div class=\"gallery-col col\" >\n          <div class=\"col-inner\">\n            <a class=\"image-lightbox lightbox-gallery\" href=\"https:\/\/lannet.com.vn\/wp-content\/uploads\/2026\/01\/CCTV-Installation-1.jpg\" title=\"\">            <div class=\"box has-hover gallery-box box-default\">\n              <div class=\"box-image image-cover\" style=\"padding-top:100%;\">\n                <img loading=\"lazy\" decoding=\"async\" width=\"612\" height=\"800\" src=\"https:\/\/lannet.com.vn\/wp-content\/uploads\/2026\/01\/CCTV-Installation-1.jpg\" class=\"attachment-2048x2048 size-2048x2048\" alt=\"\" ids=\"1304,1306,1308,1310,1395\" style=\"default\" lightbox_image_size=\"2048x2048\" type=\"slider\" columns=\"2\" slider_nav_style=\"circle\" slider_nav_color=\"light\" auto_slide=\"3000\" image_height=\"100%\" image_size=\"2048x2048\" srcset=\"https:\/\/lannet.com.vn\/wp-content\/uploads\/2026\/01\/CCTV-Installation-1.jpg 612w, https:\/\/lannet.com.vn\/wp-content\/uploads\/2026\/01\/CCTV-Installation-1-230x300.jpg 230w\" sizes=\"(max-width: 612px) 100vw, 612px\" \/>                                                              <\/div>\n              <div class=\"box-text text-left\" >\n                 <p><\/p>\n              <\/div>\n            <\/div>\n            <\/a>          <\/div>\n         <\/div><div class=\"gallery-col col\" >\n          <div class=\"col-inner\">\n            <a class=\"image-lightbox lightbox-gallery\" href=\"https:\/\/lannet.com.vn\/wp-content\/uploads\/2026\/01\/6da49f26-606e-4b1a-9e90-cae4c09fce4f-removebg-preview-1.png\" title=\"\">            <div class=\"box has-hover gallery-box box-default\">\n              <div class=\"box-image image-cover\" style=\"padding-top:100%;\">\n                <img loading=\"lazy\" decoding=\"async\" width=\"1200\" height=\"1200\" src=\"https:\/\/lannet.com.vn\/wp-content\/uploads\/2026\/01\/6da49f26-606e-4b1a-9e90-cae4c09fce4f-removebg-preview-1.png\" class=\"attachment-2048x2048 size-2048x2048\" alt=\"\" ids=\"1304,1306,1308,1310,1395\" style=\"default\" lightbox_image_size=\"2048x2048\" type=\"slider\" columns=\"2\" slider_nav_style=\"circle\" slider_nav_color=\"light\" auto_slide=\"3000\" image_height=\"100%\" image_size=\"2048x2048\" srcset=\"https:\/\/lannet.com.vn\/wp-content\/uploads\/2026\/01\/6da49f26-606e-4b1a-9e90-cae4c09fce4f-removebg-preview-1.png 1200w, https:\/\/lannet.com.vn\/wp-content\/uploads\/2026\/01\/6da49f26-606e-4b1a-9e90-cae4c09fce4f-removebg-preview-1-300x300.png 300w, https:\/\/lannet.com.vn\/wp-content\/uploads\/2026\/01\/6da49f26-606e-4b1a-9e90-cae4c09fce4f-removebg-preview-1-1024x1024.png 1024w, https:\/\/lannet.com.vn\/wp-content\/uploads\/2026\/01\/6da49f26-606e-4b1a-9e90-cae4c09fce4f-removebg-preview-1-150x150.png 150w, https:\/\/lannet.com.vn\/wp-content\/uploads\/2026\/01\/6da49f26-606e-4b1a-9e90-cae4c09fce4f-removebg-preview-1-768x768.png 768w\" sizes=\"(max-width: 1200px) 100vw, 1200px\" \/>                                                              <\/div>\n              <div class=\"box-text text-left\" >\n                 <p><\/p>\n              <\/div>\n            <\/div>\n            <\/a>          <\/div>\n         <\/div><div class=\"gallery-col col\" >\n          <div class=\"col-inner\">\n            <a class=\"image-lightbox lightbox-gallery\" href=\"https:\/\/lannet.com.vn\/wp-content\/uploads\/2026\/01\/a67beaa1-3309-46cd-af1c-570c8c7a6625.png\" title=\"\">            <div class=\"box has-hover gallery-box box-default\">\n              <div class=\"box-image image-cover\" style=\"padding-top:100%;\">\n                <img loading=\"lazy\" decoding=\"async\" width=\"1536\" height=\"1024\" src=\"https:\/\/lannet.com.vn\/wp-content\/uploads\/2026\/01\/a67beaa1-3309-46cd-af1c-570c8c7a6625.png\" class=\"attachment-2048x2048 size-2048x2048\" alt=\"\" ids=\"1304,1306,1308,1310,1395\" style=\"default\" lightbox_image_size=\"2048x2048\" type=\"slider\" columns=\"2\" slider_nav_style=\"circle\" slider_nav_color=\"light\" auto_slide=\"3000\" image_height=\"100%\" image_size=\"2048x2048\" srcset=\"https:\/\/lannet.com.vn\/wp-content\/uploads\/2026\/01\/a67beaa1-3309-46cd-af1c-570c8c7a6625.png 1536w, https:\/\/lannet.com.vn\/wp-content\/uploads\/2026\/01\/a67beaa1-3309-46cd-af1c-570c8c7a6625-300x200.png 300w, https:\/\/lannet.com.vn\/wp-content\/uploads\/2026\/01\/a67beaa1-3309-46cd-af1c-570c8c7a6625-1024x683.png 1024w, https:\/\/lannet.com.vn\/wp-content\/uploads\/2026\/01\/a67beaa1-3309-46cd-af1c-570c8c7a6625-768x512.png 768w\" sizes=\"(max-width: 1536px) 100vw, 1536px\" \/>                                                              <\/div>\n              <div class=\"box-text text-left\" >\n                 <p><\/p>\n              <\/div>\n            <\/div>\n            <\/a>          <\/div>\n         <\/div><div class=\"gallery-col col\" >\n          <div class=\"col-inner\">\n            <a class=\"image-lightbox lightbox-gallery\" href=\"https:\/\/lannet.com.vn\/wp-content\/uploads\/2026\/01\/d30c0ad0-ef21-42d0-9b67-3b1356288a05.png\" title=\"\">            <div class=\"box has-hover gallery-box box-default\">\n              <div class=\"box-image image-cover\" style=\"padding-top:100%;\">\n                <img loading=\"lazy\" decoding=\"async\" width=\"1536\" height=\"1024\" src=\"https:\/\/lannet.com.vn\/wp-content\/uploads\/2026\/01\/d30c0ad0-ef21-42d0-9b67-3b1356288a05.png\" class=\"attachment-2048x2048 size-2048x2048\" alt=\"\" ids=\"1304,1306,1308,1310,1395\" style=\"default\" lightbox_image_size=\"2048x2048\" type=\"slider\" columns=\"2\" slider_nav_style=\"circle\" slider_nav_color=\"light\" auto_slide=\"3000\" image_height=\"100%\" image_size=\"2048x2048\" srcset=\"https:\/\/lannet.com.vn\/wp-content\/uploads\/2026\/01\/d30c0ad0-ef21-42d0-9b67-3b1356288a05.png 1536w, https:\/\/lannet.com.vn\/wp-content\/uploads\/2026\/01\/d30c0ad0-ef21-42d0-9b67-3b1356288a05-300x200.png 300w, https:\/\/lannet.com.vn\/wp-content\/uploads\/2026\/01\/d30c0ad0-ef21-42d0-9b67-3b1356288a05-1024x683.png 1024w, https:\/\/lannet.com.vn\/wp-content\/uploads\/2026\/01\/d30c0ad0-ef21-42d0-9b67-3b1356288a05-768x512.png 768w\" sizes=\"(max-width: 1536px) 100vw, 1536px\" \/>                                                              <\/div>\n              <div class=\"box-text text-left\" >\n                 <p><\/p>\n              <\/div>\n            <\/div>\n            <\/a>          <\/div>\n         <\/div><div class=\"gallery-col col\" >\n          <div class=\"col-inner\">\n            <a class=\"image-lightbox lightbox-gallery\" href=\"https:\/\/lannet.com.vn\/wp-content\/uploads\/2026\/01\/What-are-the-different-types-of-CCTV-Camera_-_-ACCL.jpg\" title=\"\">            <div class=\"box has-hover gallery-box box-default\">\n              <div class=\"box-image image-cover\" style=\"padding-top:100%;\">\n                <img loading=\"lazy\" decoding=\"async\" width=\"800\" height=\"450\" src=\"https:\/\/lannet.com.vn\/wp-content\/uploads\/2026\/01\/What-are-the-different-types-of-CCTV-Camera_-_-ACCL.jpg\" class=\"attachment-2048x2048 size-2048x2048\" alt=\"\" ids=\"1304,1306,1308,1310,1395\" style=\"default\" lightbox_image_size=\"2048x2048\" type=\"slider\" columns=\"2\" slider_nav_style=\"circle\" slider_nav_color=\"light\" auto_slide=\"3000\" image_height=\"100%\" image_size=\"2048x2048\" srcset=\"https:\/\/lannet.com.vn\/wp-content\/uploads\/2026\/01\/What-are-the-different-types-of-CCTV-Camera_-_-ACCL.jpg 800w, https:\/\/lannet.com.vn\/wp-content\/uploads\/2026\/01\/What-are-the-different-types-of-CCTV-Camera_-_-ACCL-300x169.jpg 300w, https:\/\/lannet.com.vn\/wp-content\/uploads\/2026\/01\/What-are-the-different-types-of-CCTV-Camera_-_-ACCL-768x432.jpg 768w\" sizes=\"(max-width: 800px) 100vw, 800px\" \/>                                                              <\/div>\n              <div class=\"box-text text-left\" >\n                 <p><\/p>\n              <\/div>\n            <\/div>\n            <\/a>          <\/div>\n         <\/div><\/div>\n\t\t<\/div>\n\t\t\t\t\t<\/div>\n\n\t\n\n<style>\n#row-1301266462 > .col > .col-inner {\n  background-color: #f2f2f2;\n}\n<\/style>\n<\/div>\n\t\t<\/div>\n\n\t\t\n<style>\n#section_1033094550 {\n  padding-top: 0px;\n  padding-bottom: 0px;\n  background-color: rgb(255, 255, 255);\n}\n<\/style>\n\t<\/section>\n\t\n","protected":false},"excerpt":{"rendered":"","protected":false},"author":1,"featured_media":0,"parent":0,"menu_order":0,"comment_status":"closed","ping_status":"closed","template":"page-blank.php","meta":{"inline_featured_image":false,"footnotes":""},"_links":{"self":[{"href":"https:\/\/lannet.com.vn\/vi\/wp-json\/wp\/v2\/pages\/943"}],"collection":[{"href":"https:\/\/lannet.com.vn\/vi\/wp-json\/wp\/v2\/pages"}],"about":[{"href":"https:\/\/lannet.com.vn\/vi\/wp-json\/wp\/v2\/types\/page"}],"author":[{"embeddable":true,"href":"https:\/\/lannet.com.vn\/vi\/wp-json\/wp\/v2\/users\/1"}],"replies":[{"embeddable":true,"href":"https:\/\/lannet.com.vn\/vi\/wp-json\/wp\/v2\/comments?post=943"}],"version-history":[{"count":15,"href":"https:\/\/lannet.com.vn\/vi\/wp-json\/wp\/v2\/pages\/943\/revisions"}],"predecessor-version":[{"id":1397,"href":"https:\/\/lannet.com.vn\/vi\/wp-json\/wp\/v2\/pages\/943\/revisions\/1397"}],"wp:attachment":[{"href":"https:\/\/lannet.com.vn\/vi\/wp-json\/wp\/v2\/media?parent=943"}],"curies":[{"name":"wp","href":"https:\/\/api.w.org\/{rel}","templated":true}]}}