{"id":939,"date":"2025-04-14T11:42:01","date_gmt":"2025-04-14T04:42:01","guid":{"rendered":"https:\/\/lannetcomvn906.mbws.vn\/network-solutions\/"},"modified":"2026-01-14T10:10:28","modified_gmt":"2026-01-14T03:10:28","slug":"giai-phap-mang","status":"publish","type":"page","link":"https:\/\/lannet.com.vn\/vi\/giai-phap-mang\/","title":{"rendered":"Gi\u1ea3i ph\u00e1p m\u1ea1ng"},"content":{"rendered":"\t<section class=\"section\" id=\"section_1061038379\">\n\t\t<div class=\"bg section-bg fill bg-fill  bg-loaded\" >\n\n\t\t\t\n\t\t\t\n\t\t\t\n\n\t\t<\/div>\n\n\t\t\n\n\t\t<div class=\"section-content relative\">\n\t\t\t\n<div class=\"row\"  id=\"row-935019335\">\n\n\t<div id=\"col-907185293\" class=\"col small-12 large-12\"  >\n\t\t\t\t<div class=\"col-inner\"  >\n\t\t\t\n\t\t\t\n\t<div id=\"text-1001865782\" class=\"text\">\n\t\t\n<h1 class=\"font_0 wixui-rich-text__text\"><span class=\"wixui-rich-text__text\">Gi\u1ea3i ph\u00e1p m\u1ea1ng<\/span><\/h1>\n\t\t\n<style>\n#text-1001865782 {\n  font-size: 2rem;\n}\n<\/style>\n\t<\/div>\n\t\n<div class=\"row\"  id=\"row-1430279259\">\n\n\t<div id=\"col-932766422\" class=\"col medium-2 small-12 large-2\"  >\n\t\t\t\t<div class=\"col-inner\"  >\n\t\t\t\n\t<div class=\"is-border\"\n\t\tstyle=\"border-color:rgb(26, 43, 109);border-width:3px 0px 0px 0px;margin:20px 0px 0px 0px;\">\n\t<\/div>\n\t\t\t\n\t\t<\/div>\n\t\t\t\t\t<\/div>\n\n\t\n\n\t<div id=\"col-2047395457\" class=\"col medium-10 small-12 large-10\"  >\n\t\t\t\t<div class=\"col-inner text-right\"  >\n\t\t\t\n\t\t\t\n\t<div id=\"text-1669174996\" class=\"text\">\n\t\t\n<p style=\"text-align: justify;\">Ch\u00fang t\u00f4i cung c\u1ea5p c\u00e1c gi\u1ea3i ph\u00e1p m\u1ea1ng ti\u00ean ti\u1ebfn \u0111\u01b0\u1ee3c thi\u1ebft k\u1ebf nh\u1eb1m n\u00e2ng cao hi\u1ec7u su\u1ea5t v\u00e0 \u0111\u1ed9 tin c\u1eady c\u1ee7a h\u1ea1 t\u1ea7ng m\u1ea1ng doanh nghi\u1ec7p. Th\u00f4ng qua vi\u1ec7c \u1ee9ng d\u1ee5ng c\u00e1c c\u00f4ng ngh\u1ec7 hi\u1ec7n \u0111\u1ea1i c\u00f9ng c\u00e1c d\u1ecbch v\u1ee5 chuy\u00ean nghi\u1ec7p chuy\u00ean s\u00e2u, ch\u00fang t\u00f4i \u0111\u1ea3m b\u1ea3o h\u1ec7 th\u1ed1ng m\u1ea1ng c\u1ee7a b\u1ea1n v\u1eadn h\u00e0nh th\u00f4ng su\u1ed1t, duy tr\u00ec t\u00ednh \u1ed5n \u0111\u1ecbnh cao v\u00e0 s\u1eb5n s\u00e0ng \u0111\u00e1p \u1ee9ng nhu c\u1ea7u ph\u00e1t tri\u1ec3n trong t\u01b0\u01a1ng lai. H\u00e3y \u0111\u1ec3 LanNet Solutions \u0111\u1ed3ng h\u00e0nh c\u00f9ng b\u1ea1n trong vi\u1ec7c x\u00e2y d\u1ef1ng m\u1ed9t h\u1ea1 t\u1ea7ng m\u1ea1ng v\u01b0\u1ee3t tr\u1ed9i, hi\u1ec7n \u0111\u1ea1i v\u00e0 s\u1eb5n s\u00e0ng cho t\u01b0\u01a1ng lai.<\/p>\n\t\t\n<style>\n#text-1669174996 {\n  text-align: left;\n}\n<\/style>\n\t<\/div>\n\t\n\t\t<\/div>\n\t\t\t\t\t<\/div>\n\n\t\n<\/div>\n<div class=\"row\"  id=\"row-794739913\">\n\n\t<div id=\"col-1857791687\" class=\"col small-12 large-12\"  >\n\t\t\t\t<div class=\"col-inner\"  >\n\t\t\t\n\t\t\t\n\n  \n    <div class=\"row large-columns-2 medium-columns- small-columns- slider row-slider slider-nav-reveal slider-nav-push\"  data-flickity-options='{\"imagesLoaded\": true, \"groupCells\": \"100%\", \"dragThreshold\" : 5, \"cellAlign\": \"left\",\"wrapAround\": true,\"prevNextButtons\": true,\"percentPosition\": true,\"pageDots\": false, \"rightToLeft\": false, \"autoPlay\" : 3000}' >\n\n  <div class=\"gallery-col col\" >\n          <div class=\"col-inner\">\n            <a class=\"image-lightbox lightbox-gallery\" href=\"https:\/\/lannet.com.vn\/wp-content\/uploads\/2026\/01\/NS2-1.png\" title=\"\">            <div class=\"box has-hover gallery-box box-default\">\n              <div class=\"box-image\" >\n                <img loading=\"lazy\" decoding=\"async\" width=\"1024\" height=\"576\" src=\"https:\/\/lannet.com.vn\/wp-content\/uploads\/2026\/01\/NS2-1.png\" class=\"attachment-2048x2048 size-2048x2048\" alt=\"\" ids=\"1313,1404,1317,1402\" style=\"default\" lightbox_image_size=\"original\" type=\"slider\" columns=\"2\" auto_slide=\"3000\" image_size=\"2048x2048\" srcset=\"https:\/\/lannet.com.vn\/wp-content\/uploads\/2026\/01\/NS2-1.png 1024w, https:\/\/lannet.com.vn\/wp-content\/uploads\/2026\/01\/NS2-1-300x169.png 300w, https:\/\/lannet.com.vn\/wp-content\/uploads\/2026\/01\/NS2-1-768x432.png 768w\" sizes=\"(max-width: 1024px) 100vw, 1024px\" \/>                                                              <\/div>\n              <div class=\"box-text text-left\" >\n                 <p><\/p>\n              <\/div>\n            <\/div>\n            <\/a>          <\/div>\n         <\/div><div class=\"gallery-col col\" >\n          <div class=\"col-inner\">\n            <a class=\"image-lightbox lightbox-gallery\" href=\"https:\/\/lannet.com.vn\/wp-content\/uploads\/2026\/01\/image-6-1024x627-removebg-preview.png\" title=\"\">            <div class=\"box has-hover gallery-box box-default\">\n              <div class=\"box-image\" >\n                <img loading=\"lazy\" decoding=\"async\" width=\"638\" height=\"391\" src=\"https:\/\/lannet.com.vn\/wp-content\/uploads\/2026\/01\/image-6-1024x627-removebg-preview.png\" class=\"attachment-2048x2048 size-2048x2048\" alt=\"\" ids=\"1313,1404,1317,1402\" style=\"default\" lightbox_image_size=\"original\" type=\"slider\" columns=\"2\" auto_slide=\"3000\" image_size=\"2048x2048\" srcset=\"https:\/\/lannet.com.vn\/wp-content\/uploads\/2026\/01\/image-6-1024x627-removebg-preview.png 638w, https:\/\/lannet.com.vn\/wp-content\/uploads\/2026\/01\/image-6-1024x627-removebg-preview-300x184.png 300w\" sizes=\"(max-width: 638px) 100vw, 638px\" \/>                                                              <\/div>\n              <div class=\"box-text text-left\" >\n                 <p><\/p>\n              <\/div>\n            <\/div>\n            <\/a>          <\/div>\n         <\/div><div class=\"gallery-col col\" >\n          <div class=\"col-inner\">\n            <a class=\"image-lightbox lightbox-gallery\" href=\"https:\/\/lannet.com.vn\/wp-content\/uploads\/2026\/01\/image-7.png\" title=\"\">            <div class=\"box has-hover gallery-box box-default\">\n              <div class=\"box-image\" >\n                <img loading=\"lazy\" decoding=\"async\" width=\"802\" height=\"548\" src=\"https:\/\/lannet.com.vn\/wp-content\/uploads\/2026\/01\/image-7.png\" class=\"attachment-2048x2048 size-2048x2048\" alt=\"\" ids=\"1313,1404,1317,1402\" style=\"default\" lightbox_image_size=\"original\" type=\"slider\" columns=\"2\" auto_slide=\"3000\" image_size=\"2048x2048\" srcset=\"https:\/\/lannet.com.vn\/wp-content\/uploads\/2026\/01\/image-7.png 802w, https:\/\/lannet.com.vn\/wp-content\/uploads\/2026\/01\/image-7-300x205.png 300w, https:\/\/lannet.com.vn\/wp-content\/uploads\/2026\/01\/image-7-768x525.png 768w\" sizes=\"(max-width: 802px) 100vw, 802px\" \/>                                                              <\/div>\n              <div class=\"box-text text-left\" >\n                 <p><\/p>\n              <\/div>\n            <\/div>\n            <\/a>          <\/div>\n         <\/div><div class=\"gallery-col col\" >\n          <div class=\"col-inner\">\n            <a class=\"image-lightbox lightbox-gallery\" href=\"https:\/\/lannet.com.vn\/wp-content\/uploads\/2026\/01\/image-8-768x479-removebg-preview.png\" title=\"\">            <div class=\"box has-hover gallery-box box-default\">\n              <div class=\"box-image\" >\n                <img loading=\"lazy\" decoding=\"async\" width=\"633\" height=\"394\" src=\"https:\/\/lannet.com.vn\/wp-content\/uploads\/2026\/01\/image-8-768x479-removebg-preview.png\" class=\"attachment-2048x2048 size-2048x2048\" alt=\"\" ids=\"1313,1404,1317,1402\" style=\"default\" lightbox_image_size=\"original\" type=\"slider\" columns=\"2\" auto_slide=\"3000\" image_size=\"2048x2048\" srcset=\"https:\/\/lannet.com.vn\/wp-content\/uploads\/2026\/01\/image-8-768x479-removebg-preview.png 633w, https:\/\/lannet.com.vn\/wp-content\/uploads\/2026\/01\/image-8-768x479-removebg-preview-300x187.png 300w\" sizes=\"(max-width: 633px) 100vw, 633px\" \/>                                                              <\/div>\n              <div class=\"box-text text-left\" >\n                 <p><\/p>\n              <\/div>\n            <\/div>\n            <\/a>          <\/div>\n         <\/div><\/div>\n\t\t<\/div>\n\t\t\t\t\t<\/div>\n\n\t\n<\/div>\n\t\t<\/div>\n\t\t\t\t\t<\/div>\n\n\t\n\n<style>\n#row-935019335 > .col > .col-inner {\n  background-color: #f2f2f2;\n}\n<\/style>\n<\/div>\n\t\t<\/div>\n\n\t\t\n<style>\n#section_1061038379 {\n  padding-top: 0px;\n  padding-bottom: 0px;\n  background-color: rgb(255, 255, 255);\n}\n<\/style>\n\t<\/section>\n\t\n","protected":false},"excerpt":{"rendered":"","protected":false},"author":1,"featured_media":0,"parent":0,"menu_order":0,"comment_status":"closed","ping_status":"closed","template":"page-blank.php","meta":{"inline_featured_image":false,"footnotes":""},"_links":{"self":[{"href":"https:\/\/lannet.com.vn\/vi\/wp-json\/wp\/v2\/pages\/939"}],"collection":[{"href":"https:\/\/lannet.com.vn\/vi\/wp-json\/wp\/v2\/pages"}],"about":[{"href":"https:\/\/lannet.com.vn\/vi\/wp-json\/wp\/v2\/types\/page"}],"author":[{"embeddable":true,"href":"https:\/\/lannet.com.vn\/vi\/wp-json\/wp\/v2\/users\/1"}],"replies":[{"embeddable":true,"href":"https:\/\/lannet.com.vn\/vi\/wp-json\/wp\/v2\/comments?post=939"}],"version-history":[{"count":13,"href":"https:\/\/lannet.com.vn\/vi\/wp-json\/wp\/v2\/pages\/939\/revisions"}],"predecessor-version":[{"id":1406,"href":"https:\/\/lannet.com.vn\/vi\/wp-json\/wp\/v2\/pages\/939\/revisions\/1406"}],"wp:attachment":[{"href":"https:\/\/lannet.com.vn\/vi\/wp-json\/wp\/v2\/media?parent=939"}],"curies":[{"name":"wp","href":"https:\/\/api.w.org\/{rel}","templated":true}]}}