{"id":935,"date":"2025-04-14T11:32:05","date_gmt":"2025-04-14T04:32:05","guid":{"rendered":"https:\/\/lannetcomvn906.mbws.vn\/structured-cabling-system\/"},"modified":"2026-01-14T09:24:36","modified_gmt":"2026-01-14T02:24:36","slug":"he-thong-cap-cau-truc","status":"publish","type":"page","link":"https:\/\/lannet.com.vn\/vi\/he-thong-cap-cau-truc\/","title":{"rendered":"H\u1ec7 th\u1ed1ng c\u00e1p c\u1ea5u tr\u00fac"},"content":{"rendered":"\t<section class=\"section\" id=\"section_186533481\">\n\t\t<div class=\"bg section-bg fill bg-fill  bg-loaded\" >\n\n\t\t\t\n\t\t\t\n\t\t\t\n\n\t\t<\/div>\n\n\t\t\n\n\t\t<div class=\"section-content relative\">\n\t\t\t\n<div class=\"row\"  id=\"row-1330355174\">\n\n\t<div id=\"col-739758056\" class=\"col small-12 large-12\"  >\n\t\t\t\t<div class=\"col-inner\"  >\n\t\t\t\n\t\t\t\n\t<div id=\"text-1304493284\" class=\"text\">\n\t\t\n<h1 class=\"font_0 wixui-rich-text__text\">H\u1ec7 th\u1ed1ng c\u00e1p c\u1ea5u tr\u00fac<\/h1>\n\t\t\n<style>\n#text-1304493284 {\n  font-size: 2rem;\n}\n<\/style>\n\t<\/div>\n\t\n<div class=\"row\"  id=\"row-1118837065\">\n\n\t<div id=\"col-717236833\" class=\"col medium-2 small-12 large-2\"  >\n\t\t\t\t<div class=\"col-inner\"  >\n\t\t\t\n\t<div class=\"is-border\"\n\t\tstyle=\"border-color:rgb(26, 43, 109);border-width:3px 0px 0px 0px;margin:20px 0px 0px 0px;\">\n\t<\/div>\n\t\t\t\n\t\t<\/div>\n\t\t\t\t\t<\/div>\n\n\t\n\n\t<div id=\"col-1243701737\" class=\"col medium-10 small-12 large-10\"  >\n\t\t\t\t<div class=\"col-inner text-right\"  >\n\t\t\t\n\t\t\t\n\t<div id=\"text-4292467918\" class=\"text\">\n\t\t\n<p style=\"text-align: justify;\" data-start=\"190\" data-end=\"365\">LanNet Solutions chuy\u00ean thi\u1ebft k\u1ebf v\u00e0 tri\u1ec3n khai h\u1ec7 th\u1ed1ng c\u00e1p c\u1ea5u tr\u00fac, cung c\u1ea5p n\u1ec1n t\u1ea3ng v\u1eefng ch\u1eafc v\u00e0 \u0111\u00e1ng tin c\u1eady cho m\u1ecdi nhu c\u1ea7u v\u1ec1 m\u1ea1ng v\u00e0 truy\u1ec1n th\u00f4ng c\u1ee7a doanh nghi\u1ec7p. \u0110\u1ed9i ng\u0169 c\u1ee7a ch\u00fang t\u00f4i cam k\u1ebft \u0111\u1ea3m b\u1ea3o h\u1ea1 t\u1ea7ng c\u00e1p kh\u00f4ng ch\u1ec9 \u0111\u00e1p \u1ee9ng \u0111\u1ea7y \u0111\u1ee7 c\u00e1c y\u00eau c\u1ea7u v\u1eadn h\u00e0nh hi\u1ec7n t\u1ea1i m\u00e0 c\u00f2n c\u00f3 kh\u1ea3 n\u0103ng m\u1edf r\u1ed9ng, linh ho\u1ea1t v\u00e0 th\u00edch \u1ee9ng v\u1edbi c\u00e1c xu h\u01b0\u1edbng c\u00f4ng ngh\u1ec7 trong t\u01b0\u01a1ng lai.<\/p>\n<p style=\"text-align: justify;\" data-start=\"572\" data-end=\"822\">Th\u00f4ng qua vi\u1ec7c h\u1ee3p t\u00e1c ch\u1eb7t ch\u1ebd v\u1edbi kh\u00e1ch h\u00e0ng, LanNet Solutions cung c\u1ea5p c\u00e1c gi\u1ea3i ph\u00e1p \u0111\u01b0\u1ee3c thi\u1ebft k\u1ebf ri\u00eang, gi\u00fap t\u1ed1i \u01b0u hi\u1ec7u su\u1ea5t h\u1ec7 th\u1ed1ng m\u1ea1ng, \u0111\u1ed3ng th\u1eddi gi\u1ea3m thi\u1ec3u th\u1eddi gian gi\u00e1n \u0111o\u1ea1n ho\u1ea1t \u0111\u1ed9ng v\u00e0 n\u00e2ng cao \u0111\u1ed9 \u1ed5n \u0111\u1ecbnh t\u1ed5ng th\u1ec3 c\u1ee7a h\u1ec7 th\u1ed1ng.<\/p>\n\t\t\n<style>\n#text-4292467918 {\n  text-align: left;\n}\n<\/style>\n\t<\/div>\n\t\n\t\t<\/div>\n\t\t\t\t\t<\/div>\n\n\t\n\n\n\n\n<\/div>\n<div class=\"row\"  id=\"row-294742311\">\n\n\t<div id=\"col-1682139467\" class=\"col medium-2 small-12 large-2\"  >\n\t\t\t\t<div class=\"col-inner\"  >\n\t\t\t\n\t\t\t\n\t\t<\/div>\n\t\t\t\t\t<\/div>\n\n\t\n\n\t<div id=\"col-1489471442\" class=\"col medium-10 small-12 large-10\"  >\n\t\t\t\t<div class=\"col-inner\"  >\n\t\t\t\n\t\t\t\n\n  \n    <div class=\"row large-columns-3 medium-columns- small-columns-2 slider row-slider slider-nav-reveal\"  data-flickity-options='{\"imagesLoaded\": true, \"groupCells\": \"100%\", \"dragThreshold\" : 5, \"cellAlign\": \"left\",\"wrapAround\": true,\"prevNextButtons\": true,\"percentPosition\": true,\"pageDots\": false, \"rightToLeft\": false, \"autoPlay\" : 3000}' >\n\n  <div class=\"gallery-col col\" >\n          <div class=\"col-inner\">\n            <a class=\"image-lightbox lightbox-gallery\" href=\"https:\/\/lannet.com.vn\/wp-content\/uploads\/2026\/01\/Data-Cabling-_-ProCabling-_-Auckland.png\" title=\"\">            <div class=\"box has-hover gallery-box box-overlay dark\">\n              <div class=\"box-image image-cover\" style=\"padding-top:125%;\">\n                <img loading=\"lazy\" decoding=\"async\" width=\"279\" height=\"206\" src=\"https:\/\/lannet.com.vn\/wp-content\/uploads\/2026\/01\/Data-Cabling-_-ProCabling-_-Auckland.png\" class=\"attachment-2048x2048 size-2048x2048\" alt=\"\" ids=\"1267,1265,1266,1209,902,905,1269\" lightbox_image_size=\"2048x2048\" type=\"slider\" columns=\"3\" auto_slide=\"3000\" image_height=\"125%\" image_size=\"2048x2048\" \/>                                  <div class=\"overlay fill\"\n                      style=\"background-color: rgba(0,0,0,.15)\">\n                  <\/div>\n                                                              <\/div>\n              <div class=\"box-text text-left\" >\n                 <p><\/p>\n              <\/div>\n            <\/div>\n            <\/a>          <\/div>\n         <\/div><div class=\"gallery-col col\" >\n          <div class=\"col-inner\">\n            <a class=\"image-lightbox lightbox-gallery\" href=\"https:\/\/lannet.com.vn\/wp-content\/uploads\/2026\/01\/Structured-Cabling-Systems-Installation-Solutions-In-The-US-2048x1536.png\" title=\"\">            <div class=\"box has-hover gallery-box box-overlay dark\">\n              <div class=\"box-image image-cover\" style=\"padding-top:125%;\">\n                <img loading=\"lazy\" decoding=\"async\" width=\"2048\" height=\"1536\" src=\"https:\/\/lannet.com.vn\/wp-content\/uploads\/2026\/01\/Structured-Cabling-Systems-Installation-Solutions-In-The-US-2048x1536.png\" class=\"attachment-2048x2048 size-2048x2048\" alt=\"\" ids=\"1267,1265,1266,1209,902,905,1269\" lightbox_image_size=\"2048x2048\" type=\"slider\" columns=\"3\" auto_slide=\"3000\" image_height=\"125%\" image_size=\"2048x2048\" srcset=\"https:\/\/lannet.com.vn\/wp-content\/uploads\/2026\/01\/Structured-Cabling-Systems-Installation-Solutions-In-The-US-2048x1536.png 2048w, https:\/\/lannet.com.vn\/wp-content\/uploads\/2026\/01\/Structured-Cabling-Systems-Installation-Solutions-In-The-US-300x225.png 300w, https:\/\/lannet.com.vn\/wp-content\/uploads\/2026\/01\/Structured-Cabling-Systems-Installation-Solutions-In-The-US-1024x768.png 1024w, https:\/\/lannet.com.vn\/wp-content\/uploads\/2026\/01\/Structured-Cabling-Systems-Installation-Solutions-In-The-US-768x576.png 768w, https:\/\/lannet.com.vn\/wp-content\/uploads\/2026\/01\/Structured-Cabling-Systems-Installation-Solutions-In-The-US-1536x1152.png 1536w\" sizes=\"(max-width: 2048px) 100vw, 2048px\" \/>                                  <div class=\"overlay fill\"\n                      style=\"background-color: rgba(0,0,0,.15)\">\n                  <\/div>\n                                                              <\/div>\n              <div class=\"box-text text-left\" >\n                 <p><\/p>\n              <\/div>\n            <\/div>\n            <\/a>          <\/div>\n         <\/div><div class=\"gallery-col col\" >\n          <div class=\"col-inner\">\n            <a class=\"image-lightbox lightbox-gallery\" href=\"https:\/\/lannet.com.vn\/wp-content\/uploads\/2026\/01\/Structured-Cabling_Data-Cable-Repairs-Additions-01923-624120.png\" title=\"\">            <div class=\"box has-hover gallery-box box-overlay dark\">\n              <div class=\"box-image image-cover\" style=\"padding-top:125%;\">\n                <img loading=\"lazy\" decoding=\"async\" width=\"1200\" height=\"600\" src=\"https:\/\/lannet.com.vn\/wp-content\/uploads\/2026\/01\/Structured-Cabling_Data-Cable-Repairs-Additions-01923-624120.png\" class=\"attachment-2048x2048 size-2048x2048\" alt=\"\" ids=\"1267,1265,1266,1209,902,905,1269\" lightbox_image_size=\"2048x2048\" type=\"slider\" columns=\"3\" auto_slide=\"3000\" image_height=\"125%\" image_size=\"2048x2048\" srcset=\"https:\/\/lannet.com.vn\/wp-content\/uploads\/2026\/01\/Structured-Cabling_Data-Cable-Repairs-Additions-01923-624120.png 1200w, https:\/\/lannet.com.vn\/wp-content\/uploads\/2026\/01\/Structured-Cabling_Data-Cable-Repairs-Additions-01923-624120-300x150.png 300w, https:\/\/lannet.com.vn\/wp-content\/uploads\/2026\/01\/Structured-Cabling_Data-Cable-Repairs-Additions-01923-624120-1024x512.png 1024w, https:\/\/lannet.com.vn\/wp-content\/uploads\/2026\/01\/Structured-Cabling_Data-Cable-Repairs-Additions-01923-624120-768x384.png 768w\" sizes=\"(max-width: 1200px) 100vw, 1200px\" \/>                                  <div class=\"overlay fill\"\n                      style=\"background-color: rgba(0,0,0,.15)\">\n                  <\/div>\n                                                              <\/div>\n              <div class=\"box-text text-left\" >\n                 <p><\/p>\n              <\/div>\n            <\/div>\n            <\/a>          <\/div>\n         <\/div><div class=\"gallery-col col\" >\n          <div class=\"col-inner\">\n            <a class=\"image-lightbox lightbox-gallery\" href=\"https:\/\/lannet.com.vn\/wp-content\/uploads\/2026\/01\/Screenshot_5.png\" title=\"\">            <div class=\"box has-hover gallery-box box-overlay dark\">\n              <div class=\"box-image image-cover\" style=\"padding-top:125%;\">\n                <img loading=\"lazy\" decoding=\"async\" width=\"1026\" height=\"696\" src=\"https:\/\/lannet.com.vn\/wp-content\/uploads\/2026\/01\/Screenshot_5.png\" class=\"attachment-2048x2048 size-2048x2048\" alt=\"\" ids=\"1267,1265,1266,1209,902,905,1269\" lightbox_image_size=\"2048x2048\" type=\"slider\" columns=\"3\" auto_slide=\"3000\" image_height=\"125%\" image_size=\"2048x2048\" srcset=\"https:\/\/lannet.com.vn\/wp-content\/uploads\/2026\/01\/Screenshot_5.png 1026w, https:\/\/lannet.com.vn\/wp-content\/uploads\/2026\/01\/Screenshot_5-300x204.png 300w, https:\/\/lannet.com.vn\/wp-content\/uploads\/2026\/01\/Screenshot_5-1024x695.png 1024w, https:\/\/lannet.com.vn\/wp-content\/uploads\/2026\/01\/Screenshot_5-768x521.png 768w\" sizes=\"(max-width: 1026px) 100vw, 1026px\" \/>                                  <div class=\"overlay fill\"\n                      style=\"background-color: rgba(0,0,0,.15)\">\n                  <\/div>\n                                                              <\/div>\n              <div class=\"box-text text-left\" >\n                 <p><\/p>\n              <\/div>\n            <\/div>\n            <\/a>          <\/div>\n         <\/div><div class=\"gallery-col col\" >\n          <div class=\"col-inner\">\n            <a class=\"image-lightbox lightbox-gallery\" href=\"https:\/\/lannet.com.vn\/wp-content\/uploads\/2025\/04\/Screenshot_236.png\" title=\"\">            <div class=\"box has-hover gallery-box box-overlay dark\">\n              <div class=\"box-image image-cover\" style=\"padding-top:125%;\">\n                <img loading=\"lazy\" decoding=\"async\" width=\"371\" height=\"500\" src=\"https:\/\/lannet.com.vn\/wp-content\/uploads\/2025\/04\/Screenshot_236.png\" class=\"attachment-2048x2048 size-2048x2048\" alt=\"\" ids=\"1267,1265,1266,1209,902,905,1269\" lightbox_image_size=\"2048x2048\" type=\"slider\" columns=\"3\" auto_slide=\"3000\" image_height=\"125%\" image_size=\"2048x2048\" srcset=\"https:\/\/lannet.com.vn\/wp-content\/uploads\/2025\/04\/Screenshot_236.png 371w, https:\/\/lannet.com.vn\/wp-content\/uploads\/2025\/04\/Screenshot_236-223x300.png 223w\" sizes=\"(max-width: 371px) 100vw, 371px\" \/>                                  <div class=\"overlay fill\"\n                      style=\"background-color: rgba(0,0,0,.15)\">\n                  <\/div>\n                                                              <\/div>\n              <div class=\"box-text text-left\" >\n                 <p><\/p>\n              <\/div>\n            <\/div>\n            <\/a>          <\/div>\n         <\/div><div class=\"gallery-col col\" >\n          <div class=\"col-inner\">\n            <a class=\"image-lightbox lightbox-gallery\" href=\"https:\/\/lannet.com.vn\/wp-content\/uploads\/2025\/04\/Screenshot_237.png\" title=\"\">            <div class=\"box has-hover gallery-box box-overlay dark\">\n              <div class=\"box-image image-cover\" style=\"padding-top:125%;\">\n                <img loading=\"lazy\" decoding=\"async\" width=\"815\" height=\"477\" src=\"https:\/\/lannet.com.vn\/wp-content\/uploads\/2025\/04\/Screenshot_237.png\" class=\"attachment-2048x2048 size-2048x2048\" alt=\"\" ids=\"1267,1265,1266,1209,902,905,1269\" lightbox_image_size=\"2048x2048\" type=\"slider\" columns=\"3\" auto_slide=\"3000\" image_height=\"125%\" image_size=\"2048x2048\" srcset=\"https:\/\/lannet.com.vn\/wp-content\/uploads\/2025\/04\/Screenshot_237.png 815w, https:\/\/lannet.com.vn\/wp-content\/uploads\/2025\/04\/Screenshot_237-300x176.png 300w, https:\/\/lannet.com.vn\/wp-content\/uploads\/2025\/04\/Screenshot_237-768x449.png 768w\" sizes=\"(max-width: 815px) 100vw, 815px\" \/>                                  <div class=\"overlay fill\"\n                      style=\"background-color: rgba(0,0,0,.15)\">\n                  <\/div>\n                                                              <\/div>\n              <div class=\"box-text text-left\" >\n                 <p><\/p>\n              <\/div>\n            <\/div>\n            <\/a>          <\/div>\n         <\/div><div class=\"gallery-col col\" >\n          <div class=\"col-inner\">\n            <a class=\"image-lightbox lightbox-gallery\" href=\"https:\/\/lannet.com.vn\/wp-content\/uploads\/2026\/01\/Data-Center-Cabling-Installer-_-RowNet-Texas.jpg\" title=\"\">            <div class=\"box has-hover gallery-box box-overlay dark\">\n              <div class=\"box-image image-cover\" style=\"padding-top:125%;\">\n                <img loading=\"lazy\" decoding=\"async\" width=\"800\" height=\"615\" src=\"https:\/\/lannet.com.vn\/wp-content\/uploads\/2026\/01\/Data-Center-Cabling-Installer-_-RowNet-Texas.jpg\" class=\"attachment-2048x2048 size-2048x2048\" alt=\"\" ids=\"1267,1265,1266,1209,902,905,1269\" lightbox_image_size=\"2048x2048\" type=\"slider\" columns=\"3\" auto_slide=\"3000\" image_height=\"125%\" image_size=\"2048x2048\" srcset=\"https:\/\/lannet.com.vn\/wp-content\/uploads\/2026\/01\/Data-Center-Cabling-Installer-_-RowNet-Texas.jpg 800w, https:\/\/lannet.com.vn\/wp-content\/uploads\/2026\/01\/Data-Center-Cabling-Installer-_-RowNet-Texas-300x231.jpg 300w, https:\/\/lannet.com.vn\/wp-content\/uploads\/2026\/01\/Data-Center-Cabling-Installer-_-RowNet-Texas-768x590.jpg 768w\" sizes=\"(max-width: 800px) 100vw, 800px\" \/>                                  <div class=\"overlay fill\"\n                      style=\"background-color: rgba(0,0,0,.15)\">\n                  <\/div>\n                                                              <\/div>\n              <div class=\"box-text text-left\" >\n                 <p><\/p>\n              <\/div>\n            <\/div>\n            <\/a>          <\/div>\n         <\/div><\/div>\n\t\t<\/div>\n\t\t\t\t\t<\/div>\n\n\t\n<\/div>\n\t\t<\/div>\n\t\t\t\t\t<\/div>\n\n\t\n\n<style>\n#row-1330355174 > .col > .col-inner {\n  background-color: #f2f2f2;\n}\n<\/style>\n<\/div>\n\t\t<\/div>\n\n\t\t\n<style>\n#section_186533481 {\n  padding-top: 0px;\n  padding-bottom: 0px;\n  background-color: rgb(255, 255, 255);\n}\n<\/style>\n\t<\/section>\n\t\n","protected":false},"excerpt":{"rendered":"","protected":false},"author":1,"featured_media":0,"parent":0,"menu_order":0,"comment_status":"closed","ping_status":"closed","template":"page-blank.php","meta":{"inline_featured_image":false,"footnotes":""},"_links":{"self":[{"href":"https:\/\/lannet.com.vn\/vi\/wp-json\/wp\/v2\/pages\/935"}],"collection":[{"href":"https:\/\/lannet.com.vn\/vi\/wp-json\/wp\/v2\/pages"}],"about":[{"href":"https:\/\/lannet.com.vn\/vi\/wp-json\/wp\/v2\/types\/page"}],"author":[{"embeddable":true,"href":"https:\/\/lannet.com.vn\/vi\/wp-json\/wp\/v2\/users\/1"}],"replies":[{"embeddable":true,"href":"https:\/\/lannet.com.vn\/vi\/wp-json\/wp\/v2\/comments?post=935"}],"version-history":[{"count":16,"href":"https:\/\/lannet.com.vn\/vi\/wp-json\/wp\/v2\/pages\/935\/revisions"}],"predecessor-version":[{"id":1360,"href":"https:\/\/lannet.com.vn\/vi\/wp-json\/wp\/v2\/pages\/935\/revisions\/1360"}],"wp:attachment":[{"href":"https:\/\/lannet.com.vn\/vi\/wp-json\/wp\/v2\/media?parent=935"}],"curies":[{"name":"wp","href":"https:\/\/api.w.org\/{rel}","templated":true}]}}