{"id":860,"date":"2024-12-13T10:28:16","date_gmt":"2024-12-13T03:28:16","guid":{"rendered":"https:\/\/lannetcomvn906.mbws.vn\/?page_id=860"},"modified":"2026-01-14T16:37:29","modified_gmt":"2026-01-14T09:37:29","slug":"du-an","status":"publish","type":"page","link":"https:\/\/lannet.com.vn\/vi\/du-an\/","title":{"rendered":"D\u1ef1 \u00e1n"},"content":{"rendered":"\t<section class=\"section\" id=\"section_635952545\">\n\t\t<div class=\"bg section-bg fill bg-fill  bg-loaded\" >\n\n\t\t\t\n\t\t\t\n\t\t\t\n\n\t\t<\/div>\n\n\t\t\n\n\t\t<div class=\"section-content relative\">\n\t\t\t\n<div class=\"row row-collapse\" style=\"max-width:980px\" id=\"row-463758806\">\n\n\t<div id=\"col-212776908\" class=\"col small-12 large-12\"  >\n\t\t\t\t<div class=\"col-inner text-center\"  >\n\t\t\t\n\t\t\t\n\t<div class=\"img has-hover project-banner x md-x lg-x y md-y lg-y\" id=\"image_761379946\">\n\t\t\t\t\t\t\t\t<div class=\"img-inner dark\" >\n\t\t\t<img loading=\"lazy\" decoding=\"async\" width=\"1020\" height=\"680\" src=\"https:\/\/lannet.com.vn\/wp-content\/uploads\/2026\/01\/ChatGPT-Image-Jan-8-2026-04_11_26-PM-1024x683.png\" class=\"attachment-large size-large\" alt=\"\" srcset=\"https:\/\/lannet.com.vn\/wp-content\/uploads\/2026\/01\/ChatGPT-Image-Jan-8-2026-04_11_26-PM-1024x683.png 1024w, https:\/\/lannet.com.vn\/wp-content\/uploads\/2026\/01\/ChatGPT-Image-Jan-8-2026-04_11_26-PM-300x200.png 300w, https:\/\/lannet.com.vn\/wp-content\/uploads\/2026\/01\/ChatGPT-Image-Jan-8-2026-04_11_26-PM-768x512.png 768w, https:\/\/lannet.com.vn\/wp-content\/uploads\/2026\/01\/ChatGPT-Image-Jan-8-2026-04_11_26-PM.png 1536w\" sizes=\"(max-width: 1020px) 100vw, 1020px\" \/>\t\t\t\t\t\t\n\t\t\t\t\t<\/div>\n\t\t\t\t\t\t\t\t\n<style>\n#image_761379946 {\n  width: 58%;\n}\n<\/style>\n\t<\/div>\n\t\n\n\t<div id=\"text-1167606695\" class=\"text\">\n\t\t\n<h2>D\u1ef1 \u00e1n<\/h2>\n\t\t\n<style>\n#text-1167606695 {\n  font-size: 2.2rem;\n  text-align: center;\n}\n<\/style>\n\t<\/div>\n\t\n\t\t<\/div>\n\t\t\t\t\n<style>\n#col-212776908 > .col-inner {\n  margin: 0px 0px 30px 0px;\n}\n<\/style>\n\t<\/div>\n\n\t\n<\/div>\n<div class=\"row project-list row-mansory\" style=\"max-width:900px\" id=\"row-2119019194\">\n\n\t<div id=\"col-1855869923\" class=\"col medium-6 small-12 large-6\"  >\n\t\t\t\t<div class=\"col-inner\"  >\n\t\t\t\n\t\t\t\n<h3 style=\"text-align: justify;\">D\u1ef0 \u00c1N 1<\/h3>\n<p style=\"text-align: justify;\">Cung c\u1ea5p m\u1ed9t t\u00f3m t\u1eaft ng\u1eafn g\u1ecdn \u0111\u1ec3 gi\u00fap kh\u00e1ch truy c\u1eadp hi\u1ec3u b\u1ed1i c\u1ea3nh v\u00e0 n\u1ec1n t\u1ea3ng c\u00f4ng vi\u1ec7c c\u1ee7a b\u1ea1n.\u00a0<\/p>\n\t<div class=\"img has-hover x md-x lg-x y md-y lg-y\" id=\"image_1982025890\">\n\t\t\t\t\t\t\t\t<div class=\"img-inner image-cover dark\" style=\"padding-top:60%;\">\n\t\t\t<img loading=\"lazy\" decoding=\"async\" width=\"768\" height=\"431\" src=\"https:\/\/lannet.com.vn\/wp-content\/uploads\/2025\/10\/Screenshot_56-768x431.png\" class=\"attachment-medium_large size-medium_large\" alt=\"\" srcset=\"https:\/\/lannet.com.vn\/wp-content\/uploads\/2025\/10\/Screenshot_56-768x431.png 768w, https:\/\/lannet.com.vn\/wp-content\/uploads\/2025\/10\/Screenshot_56-300x168.png 300w, https:\/\/lannet.com.vn\/wp-content\/uploads\/2025\/10\/Screenshot_56-1024x574.png 1024w, https:\/\/lannet.com.vn\/wp-content\/uploads\/2025\/10\/Screenshot_56.png 1238w\" sizes=\"(max-width: 768px) 100vw, 768px\" \/>\t\t\t\t\t\t\n\t\t\t\t\t<\/div>\n\t\t\t\t\t\t\t\t\n<style>\n#image_1982025890 {\n  width: 100%;\n}\n<\/style>\n\t<\/div>\n\t\n\t\t<\/div>\n\t\t\t\t\n<style>\n#col-1855869923 > .col-inner {\n  margin: 0px 0px 30px 0px;\n}\n<\/style>\n\t<\/div>\n\n\t\n\n\t<div id=\"col-1333098277\" class=\"col medium-6 small-12 large-6\"  >\n\t\t\t\t<div class=\"col-inner\"  >\n\t\t\t\n\t\t\t\n<h3 style=\"text-align: justify;\">D\u1ef0 \u00c1N 2<\/h3>\n<p style=\"text-align: justify;\">\u0110\u00e2y l\u00e0 m\u00f4 t\u1ea3 v\u1ec1 d\u1ef1 \u00e1n c\u1ee7a b\u1ea1n. Nh\u1ea5p v\u00e0o &#8220;Ch\u1ec9nh s\u1eeda v\u0103n b\u1ea3n&#8221; ho\u1eb7c nh\u1ea5p \u0111\u00fap v\u00e0o h\u1ed9p v\u0103n b\u1ea3n \u0111\u1ec3 b\u1eaft \u0111\u1ea7u.<\/p>\n\t<div class=\"img has-hover x md-x lg-x y md-y lg-y\" id=\"image_790066432\">\n\t\t\t\t\t\t\t\t<div class=\"img-inner image-cover dark\" style=\"padding-top:60%;\">\n\t\t\t<img loading=\"lazy\" decoding=\"async\" width=\"768\" height=\"429\" src=\"https:\/\/lannet.com.vn\/wp-content\/uploads\/2025\/10\/Screenshot_59-768x429.png\" class=\"attachment-medium_large size-medium_large\" alt=\"\" srcset=\"https:\/\/lannet.com.vn\/wp-content\/uploads\/2025\/10\/Screenshot_59-768x429.png 768w, https:\/\/lannet.com.vn\/wp-content\/uploads\/2025\/10\/Screenshot_59-300x168.png 300w, https:\/\/lannet.com.vn\/wp-content\/uploads\/2025\/10\/Screenshot_59-1024x572.png 1024w, https:\/\/lannet.com.vn\/wp-content\/uploads\/2025\/10\/Screenshot_59.png 1221w\" sizes=\"(max-width: 768px) 100vw, 768px\" \/>\t\t\t\t\t\t\n\t\t\t\t\t<\/div>\n\t\t\t\t\t\t\t\t\n<style>\n#image_790066432 {\n  width: 100%;\n}\n<\/style>\n\t<\/div>\n\t\n\t\t<\/div>\n\t\t\t\t\n<style>\n#col-1333098277 > .col-inner {\n  margin: 0px 0px 30px 0px;\n}\n<\/style>\n\t<\/div>\n\n\t\n\n\t<div id=\"col-1937991314\" class=\"col medium-6 small-12 large-6\"  >\n\t\t\t\t<div class=\"col-inner\"  >\n\t\t\t\n\t\t\t\n<h3 style=\"text-align: justify;\">D\u1ef0 \u00c1N 3<\/h3>\n<p style=\"text-align: justify;\">\u0110\u00e2y l\u00e0 m\u00f4 t\u1ea3 d\u1ef1 \u00e1n c\u1ee7a b\u1ea1n. M\u1ed9t b\u1ea3n t\u00f3m t\u1eaft ng\u1eafn g\u1ecdn c\u00f3 th\u1ec3 gi\u00fap kh\u00e1ch truy c\u1eadp hi\u1ec3u b\u1ed1i c\u1ea3nh c\u00f4ng vi\u1ec7c c\u1ee7a b\u1ea1n. Nh\u1ea5p v\u00e0o &#8220;Ch\u1ec9nh s\u1eeda v\u0103n b\u1ea3n&#8221; ho\u1eb7c nh\u1ea5p \u0111\u00fap v\u00e0o h\u1ed9p v\u0103n b\u1ea3n \u0111\u1ec3 b\u1eaft \u0111\u1ea7u<\/p>\n\t<div class=\"img has-hover x md-x lg-x y md-y lg-y\" id=\"image_1591655634\">\n\t\t\t\t\t\t\t\t<div class=\"img-inner image-cover dark\" style=\"padding-top:60%;\">\n\t\t\t<img loading=\"lazy\" decoding=\"async\" width=\"768\" height=\"431\" src=\"https:\/\/lannet.com.vn\/wp-content\/uploads\/2025\/10\/Screenshot_61-768x431.png\" class=\"attachment-medium_large size-medium_large\" alt=\"\" srcset=\"https:\/\/lannet.com.vn\/wp-content\/uploads\/2025\/10\/Screenshot_61-768x431.png 768w, https:\/\/lannet.com.vn\/wp-content\/uploads\/2025\/10\/Screenshot_61-300x168.png 300w, https:\/\/lannet.com.vn\/wp-content\/uploads\/2025\/10\/Screenshot_61-1024x575.png 1024w, https:\/\/lannet.com.vn\/wp-content\/uploads\/2025\/10\/Screenshot_61.png 1244w\" sizes=\"(max-width: 768px) 100vw, 768px\" \/>\t\t\t\t\t\t\n\t\t\t\t\t<\/div>\n\t\t\t\t\t\t\t\t\n<style>\n#image_1591655634 {\n  width: 100%;\n}\n<\/style>\n\t<\/div>\n\t\n\t\t<\/div>\n\t\t\t\t\n<style>\n#col-1937991314 > .col-inner {\n  margin: 0px 0px 30px 0px;\n}\n<\/style>\n\t<\/div>\n\n\t\n\n\t<div id=\"col-1517379976\" class=\"col medium-6 small-12 large-6\"  >\n\t\t\t\t<div class=\"col-inner\"  >\n\t\t\t\n\t\t\t\n<h3 style=\"text-align: justify;\">D\u1ef0 \u00c1N 4<\/h3>\n<p style=\"text-align: justify;\">\u0110\u00e2y l\u00e0 m\u00f4 t\u1ea3 d\u1ef1 \u00e1n c\u1ee7a b\u1ea1n. M\u1ed9t b\u1ea3n t\u00f3m t\u1eaft ng\u1eafn g\u1ecdn c\u00f3 th\u1ec3 gi\u00fap kh\u00e1ch truy c\u1eadp hi\u1ec3u b\u1ed1i c\u1ea3nh c\u00f4ng vi\u1ec7c c\u1ee7a b\u1ea1n. Nh\u1ea5p v\u00e0o &#8220;Ch\u1ec9nh s\u1eeda v\u0103n b\u1ea3n&#8221; ho\u1eb7c nh\u1ea5p \u0111\u00fap v\u00e0o h\u1ed9p v\u0103n b\u1ea3n \u0111\u1ec3 b\u1eaft \u0111\u1ea7u<\/p>\n\t<div class=\"img has-hover x md-x lg-x y md-y lg-y\" id=\"image_717418637\">\n\t\t\t\t\t\t\t\t<div class=\"img-inner image-cover dark\" style=\"padding-top:60%;\">\n\t\t\t<img loading=\"lazy\" decoding=\"async\" width=\"768\" height=\"428\" src=\"https:\/\/lannet.com.vn\/wp-content\/uploads\/2025\/10\/Screenshot_58-768x428.png\" class=\"attachment-medium_large size-medium_large\" alt=\"\" srcset=\"https:\/\/lannet.com.vn\/wp-content\/uploads\/2025\/10\/Screenshot_58-768x428.png 768w, https:\/\/lannet.com.vn\/wp-content\/uploads\/2025\/10\/Screenshot_58-300x167.png 300w, https:\/\/lannet.com.vn\/wp-content\/uploads\/2025\/10\/Screenshot_58-1024x571.png 1024w, https:\/\/lannet.com.vn\/wp-content\/uploads\/2025\/10\/Screenshot_58.png 1246w\" sizes=\"(max-width: 768px) 100vw, 768px\" \/>\t\t\t\t\t\t\n\t\t\t\t\t<\/div>\n\t\t\t\t\t\t\t\t\n<style>\n#image_717418637 {\n  width: 100%;\n}\n<\/style>\n\t<\/div>\n\t\n\t\t<\/div>\n\t\t\t\t\n<style>\n#col-1517379976 > .col-inner {\n  margin: 0px 0px 30px 0px;\n}\n<\/style>\n\t<\/div>\n\n\t\n\n\t<div id=\"col-1853347809\" class=\"col medium-6 small-12 large-6\"  >\n\t\t\t\t<div class=\"col-inner\"  >\n\t\t\t\n\t\t\t\n<h3 style=\"text-align: justify;\">D\u1ef0 \u00c1N 5<\/h3>\n<p style=\"text-align: justify;\">\u0110\u00e2y l\u00e0 m\u00f4 t\u1ea3 d\u1ef1 \u00e1n c\u1ee7a b\u1ea1n. M\u1ed9t b\u1ea3n t\u00f3m t\u1eaft ng\u1eafn g\u1ecdn c\u00f3 th\u1ec3 gi\u00fap kh\u00e1ch truy c\u1eadp hi\u1ec3u b\u1ed1i c\u1ea3nh c\u00f4ng vi\u1ec7c c\u1ee7a b\u1ea1n. Nh\u1ea5p v\u00e0o &#8220;Ch\u1ec9nh s\u1eeda v\u0103n b\u1ea3n&#8221; ho\u1eb7c nh\u1ea5p \u0111\u00fap v\u00e0o h\u1ed9p v\u0103n b\u1ea3n \u0111\u1ec3 b\u1eaft \u0111\u1ea7u<\/p>\n\t<div class=\"img has-hover x md-x lg-x y md-y lg-y\" id=\"image_478605618\">\n\t\t\t\t\t\t\t\t<div class=\"img-inner image-cover dark\" style=\"padding-top:60%;\">\n\t\t\t<img loading=\"lazy\" decoding=\"async\" width=\"768\" height=\"432\" src=\"https:\/\/lannet.com.vn\/wp-content\/uploads\/2025\/10\/Screenshot_60-768x432.png\" class=\"attachment-medium_large size-medium_large\" alt=\"\" srcset=\"https:\/\/lannet.com.vn\/wp-content\/uploads\/2025\/10\/Screenshot_60-768x432.png 768w, https:\/\/lannet.com.vn\/wp-content\/uploads\/2025\/10\/Screenshot_60-300x169.png 300w, https:\/\/lannet.com.vn\/wp-content\/uploads\/2025\/10\/Screenshot_60-1024x576.png 1024w, https:\/\/lannet.com.vn\/wp-content\/uploads\/2025\/10\/Screenshot_60.png 1242w\" sizes=\"(max-width: 768px) 100vw, 768px\" \/>\t\t\t\t\t\t\n\t\t\t\t\t<\/div>\n\t\t\t\t\t\t\t\t\n<style>\n#image_478605618 {\n  width: 100%;\n}\n<\/style>\n\t<\/div>\n\t\n\t\t<\/div>\n\t\t\t\t\n<style>\n#col-1853347809 > .col-inner {\n  margin: 0px 0px 30px 0px;\n}\n<\/style>\n\t<\/div>\n\n\t\n\n\t<div id=\"col-566829399\" class=\"col medium-6 small-12 large-6\"  >\n\t\t\t\t<div class=\"col-inner\"  >\n\t\t\t\n\t\t\t\n<h3 style=\"text-align: justify;\">D\u1ef0 \u00c1N 6<\/h3>\n<p style=\"text-align: justify;\">\u0110\u00e2y l\u00e0 m\u00f4 t\u1ea3 d\u1ef1 \u00e1n c\u1ee7a b\u1ea1n. M\u1ed9t b\u1ea3n t\u00f3m t\u1eaft ng\u1eafn g\u1ecdn c\u00f3 th\u1ec3 gi\u00fap kh\u00e1ch truy c\u1eadp hi\u1ec3u b\u1ed1i c\u1ea3nh c\u00f4ng vi\u1ec7c c\u1ee7a b\u1ea1n. Nh\u1ea5p v\u00e0o &#8220;Ch\u1ec9nh s\u1eeda v\u0103n b\u1ea3n&#8221; ho\u1eb7c nh\u1ea5p \u0111\u00fap v\u00e0o h\u1ed9p v\u0103n b\u1ea3n \u0111\u1ec3 b\u1eaft \u0111\u1ea7u<\/p>\n\t<div class=\"img has-hover x md-x lg-x y md-y lg-y\" id=\"image_958477942\">\n\t\t\t\t\t\t\t\t<div class=\"img-inner image-cover dark\" style=\"padding-top:60%;\">\n\t\t\t<img loading=\"lazy\" decoding=\"async\" width=\"768\" height=\"429\" src=\"https:\/\/lannet.com.vn\/wp-content\/uploads\/2025\/10\/Screenshot_62-768x429.png\" class=\"attachment-medium_large size-medium_large\" alt=\"\" srcset=\"https:\/\/lannet.com.vn\/wp-content\/uploads\/2025\/10\/Screenshot_62-768x429.png 768w, https:\/\/lannet.com.vn\/wp-content\/uploads\/2025\/10\/Screenshot_62-300x168.png 300w, https:\/\/lannet.com.vn\/wp-content\/uploads\/2025\/10\/Screenshot_62-1024x572.png 1024w, https:\/\/lannet.com.vn\/wp-content\/uploads\/2025\/10\/Screenshot_62.png 1237w\" sizes=\"(max-width: 768px) 100vw, 768px\" \/>\t\t\t\t\t\t\n\t\t\t\t\t<\/div>\n\t\t\t\t\t\t\t\t\n<style>\n#image_958477942 {\n  width: 100%;\n}\n<\/style>\n\t<\/div>\n\t\n\t\t<\/div>\n\t\t\t\t\n<style>\n#col-566829399 > .col-inner {\n  margin: 0px 0px 30px 0px;\n}\n<\/style>\n\t<\/div>\n\n\t\n<\/div>\n\t\t<\/div>\n\n\t\t\n<style>\n#section_635952545 {\n  padding-top: 0px;\n  padding-bottom: 0px;\n}\n@media (min-width:550px) {\n  #section_635952545 {\n    padding-top: 60px;\n    padding-bottom: 60px;\n  }\n}\n<\/style>\n\t<\/section>\n\t\n","protected":false},"excerpt":{"rendered":"","protected":false},"author":1,"featured_media":0,"parent":0,"menu_order":0,"comment_status":"closed","ping_status":"closed","template":"page-blank.php","meta":{"inline_featured_image":false,"footnotes":""},"_links":{"self":[{"href":"https:\/\/lannet.com.vn\/vi\/wp-json\/wp\/v2\/pages\/860"}],"collection":[{"href":"https:\/\/lannet.com.vn\/vi\/wp-json\/wp\/v2\/pages"}],"about":[{"href":"https:\/\/lannet.com.vn\/vi\/wp-json\/wp\/v2\/types\/page"}],"author":[{"embeddable":true,"href":"https:\/\/lannet.com.vn\/vi\/wp-json\/wp\/v2\/users\/1"}],"replies":[{"embeddable":true,"href":"https:\/\/lannet.com.vn\/vi\/wp-json\/wp\/v2\/comments?post=860"}],"version-history":[{"count":4,"href":"https:\/\/lannet.com.vn\/vi\/wp-json\/wp\/v2\/pages\/860\/revisions"}],"predecessor-version":[{"id":1408,"href":"https:\/\/lannet.com.vn\/vi\/wp-json\/wp\/v2\/pages\/860\/revisions\/1408"}],"wp:attachment":[{"href":"https:\/\/lannet.com.vn\/vi\/wp-json\/wp\/v2\/media?parent=860"}],"curies":[{"name":"wp","href":"https:\/\/api.w.org\/{rel}","templated":true}]}}