{"id":857,"date":"2024-12-13T10:27:52","date_gmt":"2024-12-13T03:27:52","guid":{"rendered":"https:\/\/lannetcomvn906.mbws.vn\/?page_id=857"},"modified":"2026-01-14T08:33:07","modified_gmt":"2026-01-14T01:33:07","slug":"san-pham","status":"publish","type":"page","link":"https:\/\/lannet.com.vn\/vi\/san-pham\/","title":{"rendered":"S\u1ea3n ph\u1ea9m"},"content":{"rendered":"\t<section class=\"section\" id=\"section_1856512308\">\n\t\t<div class=\"bg section-bg fill bg-fill  bg-loaded\" >\n\n\t\t\t\n\t\t\t\n\t\t\t\n\n\t\t<\/div>\n\n\t\t\n\n\t\t<div class=\"section-content relative\">\n\t\t\t\n<div class=\"row\"  id=\"row-1192731042\">\n\n\t<div id=\"col-1808231410\" class=\"col small-12 large-12\"  >\n\t\t\t\t<div class=\"col-inner\"  >\n\t\t\t\n\t\t\t\n\n  <div class=\"banner has-hover container-right has-parallax\" id=\"banner-1399694086\">\n          <div class=\"banner-inner fill\">\n        <div class=\"banner-bg fill\" data-parallax=\"-6\" data-parallax-container=\".banner\" data-parallax-background>\n            <div class=\"bg fill bg-fill \"><\/div>\n                                    \n                    <\/div>\n\t\t\n        <div class=\"banner-layers container\">\n            <div class=\"fill banner-link\"><\/div>            \n   <div id=\"text-box-1275169848\" class=\"text-box banner-layer x50 md-x50 lg-x50 y50 md-y50 lg-y50 res-text\">\n                                <div class=\"text-box-content text dark\">\n              \n              <div class=\"text-inner text-center\">\n                  \n              <\/div>\n           <\/div>\n                            \n<style>\n#text-box-1275169848 {\n  width: 60%;\n}\n#text-box-1275169848 .text-box-content {\n  font-size: 100%;\n}\n<\/style>\n    <\/div>\n \n        <\/div>\n      <\/div>\n\n            \n<style>\n#banner-1399694086 {\n  padding-top: 500px;\n}\n#banner-1399694086 .bg.bg-loaded {\n  background-image: url(https:\/\/lannet.com.vn\/wp-content\/uploads\/2025\/12\/ChatGPT_Image_Dec_30_2025_04_00_47_PM.png);\n}\n#banner-1399694086 .bg {\n  background-position: 0% 24%;\n}\n<\/style>\n  <\/div>\n\n\n\t\t<\/div>\n\t\t\t\t\t<\/div>\n\n\t\n<\/div>\n\t\t<\/div>\n\n\t\t\n<style>\n#section_1856512308 {\n  padding-top: 30px;\n  padding-bottom: 30px;\n}\n<\/style>\n\t<\/section>\n\t\n\t<section class=\"section\" id=\"section_2118802242\">\n\t\t<div class=\"bg section-bg fill bg-fill  bg-loaded\" >\n\n\t\t\t\n\t\t\t\n\t\t\t\n\n\t\t<\/div>\n\n\t\t\n\n\t\t<div class=\"section-content relative\">\n\t\t\t\n<div class=\"row\" style=\"max-width:800px\" id=\"row-1203306899\">\n\n\t<div id=\"col-1442955005\" class=\"col small-12 large-12\"  data-animate=\"fadeInLeft\">\n\t\t\t\t<div class=\"col-inner\" style=\"background-color:rgb(242, 242, 242);\" >\n\t\t\t\n\t\t\t\n\t<div id=\"text-1916124231\" class=\"text\">\n\t\t\n<h1>LanNet Solutions \u2013 \u0110\u1ed1i t\u00e1c c\u00f4ng ngh\u1ec7 tin c\u1eady c\u1ee7a b\u1ea1n<\/h1>\n\t\t\n<style>\n#text-1916124231 {\n  font-size: 1.35rem;\n  line-height: 1.2;\n  text-align: center;\n}\n@media (min-width:550px) {\n  #text-1916124231 {\n    font-size: 1.95rem;\n  }\n}\n<\/style>\n\t<\/div>\n\t\n\t\t<\/div>\n\t\t\t\t\n<style>\n#col-1442955005 > .col-inner {\n  padding: 15px 30px 5px 30px;\n}\n<\/style>\n\t<\/div>\n\n\t\n\n\t<div id=\"col-940389960\" class=\"col small-12 large-12\"  >\n\t\t\t\t<div class=\"col-inner\"  >\n\t\t\t\n\t\t\t\n<div class=\"row\"  id=\"row-310221108\">\n\n\t<div id=\"col-1983529750\" class=\"col medium-6 small-12 large-6\"  >\n\t\t\t\t<div class=\"col-inner\"  >\n\t\t\t\n\t\t\t\n<h3 style=\"text-align: justify;\">H\u1ec7 th\u1ed1ng c\u00e1p c\u1ea5u tr\u00fac<\/h3>\n<p style=\"text-align: justify;\">T\u1ea1i LanNet Solutions, ch\u00fang t\u00f4i chuy\u00ean cung c\u1ea5p c\u00e1c gi\u1ea3i ph\u00e1p h\u1ec7 th\u1ed1ng c\u00e1p c\u1ea5u tr\u00fac nh\u1eb1m \u0111\u1ea3m b\u1ea3o kh\u1ea3 n\u0103ng k\u1ebft n\u1ed1i li\u1ec1n m\u1ea1ch v\u00e0 truy\u1ec1n d\u1eabn d\u1eef li\u1ec7u \u1ed5n \u0111\u1ecbnh.<\/p>\n<p style=\"text-align: justify;\">V\u1edbi chuy\u00ean m\u00f4n trong thi\u1ebft k\u1ebf v\u00e0 tri\u1ec3n khai h\u1ea1 t\u1ea7ng c\u00e1p m\u1ea1ng, ch\u00fang t\u00f4i gi\u00fap doanh nghi\u1ec7p t\u1ed1i \u01b0u hi\u1ec7u su\u1ea5t ho\u1ea1t \u0111\u1ed9ng c\u1ee7a h\u1ec7 th\u1ed1ng m\u1ea1ng, \u0111\u1ed3ng th\u1eddi n\u00e2ng cao \u0111\u1ed9 tin c\u1eady v\u00e0 kh\u1ea3 n\u0103ng m\u1edf r\u1ed9ng trong d\u00e0i h\u1ea1n.<\/p>\n\t\t<\/div>\n\t\t\t\t\t<\/div>\n\n\t\n\n\t<div id=\"col-985085728\" class=\"col medium-6 small-12 large-6\"  >\n\t\t\t\t<div class=\"col-inner\"  >\n\t\t\t\n\t\t\t\n\t<div class=\"img has-hover x md-x lg-x y md-y lg-y\" id=\"image_1819478978\">\n\t\t\t\t\t\t\t\t<div class=\"img-inner image-cover dark\" style=\"padding-top:72%;\">\n\t\t\t<img loading=\"lazy\" decoding=\"async\" width=\"1009\" height=\"578\" src=\"https:\/\/lannet.com.vn\/wp-content\/uploads\/2025\/12\/Screenshot_27.png\" class=\"attachment-original size-original\" alt=\"\" srcset=\"https:\/\/lannet.com.vn\/wp-content\/uploads\/2025\/12\/Screenshot_27.png 1009w, https:\/\/lannet.com.vn\/wp-content\/uploads\/2025\/12\/Screenshot_27-300x172.png 300w, https:\/\/lannet.com.vn\/wp-content\/uploads\/2025\/12\/Screenshot_27-768x440.png 768w\" sizes=\"(max-width: 1009px) 100vw, 1009px\" \/>\t\t\t\t\t\t\n\t\t\t\t\t<\/div>\n\t\t\t\t\t\t\t\t\n<style>\n#image_1819478978 {\n  width: 100%;\n}\n<\/style>\n\t<\/div>\n\t\n\t\t<\/div>\n\t\t\t\t\t<\/div>\n\n\t\n<\/div>\n<div class=\"row\"  id=\"row-1520520366\">\n\n\t<div id=\"col-1398958618\" class=\"col medium-6 small-12 large-6\"  >\n\t\t\t\t<div class=\"col-inner\"  >\n\t\t\t\n\t\t\t\n\t<div class=\"img has-hover x md-x lg-x y md-y lg-y\" id=\"image_674416863\">\n\t\t\t\t\t\t\t\t<div class=\"img-inner image-cover dark\" style=\"padding-top:72%;\">\n\t\t\t<img loading=\"lazy\" decoding=\"async\" width=\"1065\" height=\"598\" src=\"https:\/\/lannet.com.vn\/wp-content\/uploads\/2025\/12\/Screenshot_28.png\" class=\"attachment-original size-original\" alt=\"\" srcset=\"https:\/\/lannet.com.vn\/wp-content\/uploads\/2025\/12\/Screenshot_28.png 1065w, https:\/\/lannet.com.vn\/wp-content\/uploads\/2025\/12\/Screenshot_28-300x168.png 300w, https:\/\/lannet.com.vn\/wp-content\/uploads\/2025\/12\/Screenshot_28-1024x575.png 1024w, https:\/\/lannet.com.vn\/wp-content\/uploads\/2025\/12\/Screenshot_28-768x431.png 768w\" sizes=\"(max-width: 1065px) 100vw, 1065px\" \/>\t\t\t\t\t\t\n\t\t\t\t\t<\/div>\n\t\t\t\t\t\t\t\t\n<style>\n#image_674416863 {\n  width: 100%;\n}\n<\/style>\n\t<\/div>\n\t\n\t\t<\/div>\n\t\t\t\t\t<\/div>\n\n\t\n\n\t<div id=\"col-242345384\" class=\"col medium-6 small-12 large-6\"  >\n\t\t\t\t<div class=\"col-inner\"  >\n\t\t\t\n\t\t\t\n<h3 style=\"text-align: justify;\">Gi\u1ea3i ph\u00e1p m\u1ea1ng<\/h3>\n<p style=\"text-align: justify;\">V\u1edbi d\u1ecbch v\u1ee5 m\u1ea1ng to\u00e0n di\u1ec7n, ch\u00fang t\u00f4i x\u00e2y d\u1ef1ng c\u00e1c ki\u1ebfn tr\u00fac m\u1ea1ng m\u1ea1nh m\u1ebd, hi\u1ec7u qu\u1ea3 v\u00e0 linh ho\u1ea1t, \u0111\u01b0\u1ee3c thi\u1ebft k\u1ebf ph\u00f9 h\u1ee3p v\u1edbi nhu c\u1ea7u \u0111\u1eb7c th\u00f9 c\u1ee7a doanh nghi\u1ec7p hi\u1ec7n \u0111\u1ea1i.<\/p>\n<p style=\"text-align: justify;\">T\u1eeb kh\u00e2u t\u01b0 v\u1ea5n \u2013 thi\u1ebft k\u1ebf, tri\u1ec3n khai \u0111\u1ebfn v\u1eadn h\u00e0nh v\u00e0 b\u1ea3o tr\u00ec, LanNet Solutions cam k\u1ebft cung c\u1ea5p c\u00e1c gi\u1ea3i ph\u00e1p m\u1ea1ng an to\u00e0n, \u1ed5n \u0111\u1ecbnh v\u00e0 c\u00f3 kh\u1ea3 n\u0103ng m\u1edf r\u1ed9ng cao.<\/p>\n\t\t<\/div>\n\t\t\t\t\t<\/div>\n\n\t\n<\/div>\n<div class=\"row\"  id=\"row-1658823037\">\n\n\t<div id=\"col-291108307\" class=\"col medium-6 small-12 large-6\"  >\n\t\t\t\t<div class=\"col-inner\"  >\n\t\t\t\n\t\t\t\n<h3 style=\"text-align: justify;\">H\u1ec7 th\u1ed1ng CCTV, AV &amp; Ki\u1ec3m so\u00e1t ra v\u00e0o<\/h3>\n<p style=\"text-align: justify;\">N\u00e2ng cao kh\u1ea3 n\u0103ng an ninh v\u00e0 gi\u00e1m s\u00e1t t\u1ea1i c\u01a1 s\u1edf c\u1ee7a b\u1ea1n v\u1edbi c\u00e1c gi\u1ea3i ph\u00e1p CCTV, AV v\u00e0 ki\u1ec3m so\u00e1t truy c\u1eadp ti\u00ean ti\u1ebfn c\u1ee7a ch\u00fang t\u00f4i. H\u1ec7 th\u1ed1ng t\u00edch h\u1ee3p c\u1ee7a ch\u00fang t\u00f4i \u0111\u01b0\u1ee3c thi\u1ebft k\u1ebf \u0111\u1ec3 cung c\u1ea5p gi\u00e1m s\u00e1t theo th\u1eddi gian th\u1ef1c, qu\u1ea3n l\u00fd truy c\u1eadp v\u00e0 gi\u1ea3i ph\u00e1p \u00e2m thanh-h\u00ecnh \u1ea3nh, mang l\u1ea1i m\u00f4i tr\u01b0\u1eddng an to\u00e0n v\u00e0 b\u1ea3o m\u1eadt h\u01a1n.<\/p>\n\t\t<\/div>\n\t\t\t\t\t<\/div>\n\n\t\n\n\t<div id=\"col-1935972187\" class=\"col medium-6 small-12 large-6\"  >\n\t\t\t\t<div class=\"col-inner\"  >\n\t\t\t\n\t\t\t\n\t<div class=\"img has-hover x md-x lg-x y md-y lg-y\" id=\"image_747347731\">\n\t\t\t\t\t\t\t\t<div class=\"img-inner image-cover dark\" style=\"padding-top:65%;\">\n\t\t\t<img loading=\"lazy\" decoding=\"async\" width=\"1600\" height=\"1067\" src=\"https:\/\/lannet.com.vn\/wp-content\/uploads\/2026\/01\/download-13.png\" class=\"attachment-original size-original\" alt=\"\" srcset=\"https:\/\/lannet.com.vn\/wp-content\/uploads\/2026\/01\/download-13.png 1600w, https:\/\/lannet.com.vn\/wp-content\/uploads\/2026\/01\/download-13-300x200.png 300w, https:\/\/lannet.com.vn\/wp-content\/uploads\/2026\/01\/download-13-1024x683.png 1024w, https:\/\/lannet.com.vn\/wp-content\/uploads\/2026\/01\/download-13-768x512.png 768w, https:\/\/lannet.com.vn\/wp-content\/uploads\/2026\/01\/download-13-1536x1024.png 1536w\" sizes=\"(max-width: 1600px) 100vw, 1600px\" \/>\t\t\t\t\t\t\n\t\t\t\t\t<\/div>\n\t\t\t\t\t\t\t\t\n<style>\n#image_747347731 {\n  width: 100%;\n}\n<\/style>\n\t<\/div>\n\t\n\t\t<\/div>\n\t\t\t\t\t<\/div>\n\n\t\n<\/div>\n<div class=\"row\"  id=\"row-780950054\">\n\n\t<div id=\"col-824386898\" class=\"col medium-6 small-12 large-6\"  >\n\t\t\t\t<div class=\"col-inner\"  >\n\t\t\t\n\t\t\t\n\t<div class=\"img has-hover x md-x lg-x y md-y lg-y\" id=\"image_803997669\">\n\t\t\t\t\t\t\t\t<div class=\"img-inner image-cover dark\" style=\"padding-top:65%;\">\n\t\t\t<img loading=\"lazy\" decoding=\"async\" width=\"1382\" height=\"847\" src=\"https:\/\/lannet.com.vn\/wp-content\/uploads\/2026\/01\/PA-System.png\" class=\"attachment-original size-original\" alt=\"\" srcset=\"https:\/\/lannet.com.vn\/wp-content\/uploads\/2026\/01\/PA-System.png 1382w, https:\/\/lannet.com.vn\/wp-content\/uploads\/2026\/01\/PA-System-300x184.png 300w, https:\/\/lannet.com.vn\/wp-content\/uploads\/2026\/01\/PA-System-1024x628.png 1024w, https:\/\/lannet.com.vn\/wp-content\/uploads\/2026\/01\/PA-System-768x471.png 768w\" sizes=\"(max-width: 1382px) 100vw, 1382px\" \/>\t\t\t\t\t\t\n\t\t\t\t\t<\/div>\n\t\t\t\t\t\t\t\t\n<style>\n#image_803997669 {\n  width: 100%;\n}\n<\/style>\n\t<\/div>\n\t\n\t\t<\/div>\n\t\t\t\t\t<\/div>\n\n\t\n\n\t<div id=\"col-431232510\" class=\"col medium-6 small-12 large-6\"  >\n\t\t\t\t<div class=\"col-inner\"  >\n\t\t\t\n\t\t\t\n<h3 style=\"text-align: justify;\"><span data-teams=\"true\">H\u1ec7 th\u1ed1ng \u00e2m thanh th\u00f4ng b\u00e1o<\/span><\/h3>\n<p style=\"text-align: justify;\">Tr\u1ea3i nghi\u1ec7m giao ti\u1ebfp \u00e2m thanh v\u01b0\u1ee3t tr\u1ed9i v\u1edbi h\u1ec7 th\u1ed1ng PA chuy\u00ean nghi\u1ec7p c\u1ee7a ch\u00fang t\u00f4i. D\u00f9 l\u00e0 \u0111\u1ec3 th\u00f4ng b\u00e1o c\u00f4ng c\u1ed9ng, nh\u1ea1c n\u1ec1n hay c\u1ea3nh b\u00e1o kh\u1ea9n c\u1ea5p, c\u00e1c gi\u1ea3i ph\u00e1p PA c\u1ee7a ch\u00fang t\u00f4i \u0111\u01b0\u1ee3c thi\u1ebft k\u1ebf \u0111\u1ec3 cung c\u1ea5p \u00e2m thanh r\u00f5 r\u00e0ng v\u00e0 \u0111\u00e1ng tin c\u1eady cho nhi\u1ec1u \u1ee9ng d\u1ee5ng kh\u00e1c nhau.<\/p>\n\t\t<\/div>\n\t\t\t\t\t<\/div>\n\n\t\n<\/div>\n<div class=\"row\"  id=\"row-84648318\">\n\n\t<div id=\"col-2103387074\" class=\"col medium-6 small-12 large-6\"  >\n\t\t\t\t<div class=\"col-inner\"  >\n\t\t\t\n\t\t\t\n<h3 style=\"text-align: justify;\">Gi\u1ea3i ph\u00e1p c\u00f4ng ngh\u1ec7 t\u00f9y ch\u1ec9nh<\/h3>\n<p style=\"text-align: justify;\">Ch\u00fang t\u00f4i th\u1ea5u hi\u1ec3u nh\u1eefng y\u00eau c\u1ea7u c\u00f4ng ngh\u1ec7 \u0111\u1eb7c th\u00f9 c\u1ee7a c\u00e1c c\u01a1 quan nh\u00e0 n\u01b0\u1edbc v\u00e0 t\u1ed5 ch\u1ee9c ch\u00ednh ph\u1ee7, t\u1eeb \u0111\u00f3 cung c\u1ea5p c\u00e1c gi\u1ea3i ph\u00e1p \u0111\u01b0\u1ee3c thi\u1ebft k\u1ebf ri\u00eang nh\u1eb1m \u0111\u00e1p \u1ee9ng ch\u00ednh x\u00e1c t\u1eebng nhu c\u1ea7u c\u1ee5 th\u1ec3. V\u1edbi kinh nghi\u1ec7m tri\u1ec3n khai c\u00e1c h\u1ec7 th\u1ed1ng c\u00f4ng ngh\u1ec7 theo y\u00eau c\u1ea7u, LanNet Solutions s\u1eb5n s\u00e0ng \u0111\u1ed3ng h\u00e0nh v\u00e0 h\u1ed7 tr\u1ee3 c\u00e1c ch\u01b0\u01a1ng tr\u00ecnh chuy\u1ec3n \u0111\u1ed5i s\u1ed1 v\u00e0 hi\u1ec7n \u0111\u1ea1i h\u00f3a h\u1ea1 t\u1ea7ng CNTT cho c\u00e1c \u0111\u01a1n v\u1ecb nh\u00e0 n\u01b0\u1edbc.<\/p>\n\t\t<\/div>\n\t\t\t\t\t<\/div>\n\n\t\n\n\t<div id=\"col-1890132346\" class=\"col medium-6 small-12 large-6\"  >\n\t\t\t\t<div class=\"col-inner\"  >\n\t\t\t\n\t\t\t\n\t<div class=\"img has-hover x md-x lg-x y md-y lg-y\" id=\"image_837712090\">\n\t\t\t\t\t\t\t\t<div class=\"img-inner image-cover dark\" style=\"padding-top:65%;\">\n\t\t\t<img loading=\"lazy\" decoding=\"async\" width=\"1086\" height=\"725\" src=\"https:\/\/lannet.com.vn\/wp-content\/uploads\/2026\/01\/Screenshot_3.png\" class=\"attachment-original size-original\" alt=\"\" srcset=\"https:\/\/lannet.com.vn\/wp-content\/uploads\/2026\/01\/Screenshot_3.png 1086w, https:\/\/lannet.com.vn\/wp-content\/uploads\/2026\/01\/Screenshot_3-300x200.png 300w, https:\/\/lannet.com.vn\/wp-content\/uploads\/2026\/01\/Screenshot_3-1024x684.png 1024w, https:\/\/lannet.com.vn\/wp-content\/uploads\/2026\/01\/Screenshot_3-768x513.png 768w\" sizes=\"(max-width: 1086px) 100vw, 1086px\" \/>\t\t\t\t\t\t\n\t\t\t\t\t<\/div>\n\t\t\t\t\t\t\t\t\n<style>\n#image_837712090 {\n  width: 100%;\n}\n<\/style>\n\t<\/div>\n\t\n\t\t<\/div>\n\t\t\t\t\t<\/div>\n\n\t\n<\/div>\n\t\t<\/div>\n\t\t\t\t\t<\/div>\n\n\t\n<\/div>\n\t\t<\/div>\n\n\t\t\n<style>\n#section_2118802242 {\n  padding-top: 0px;\n  padding-bottom: 0px;\n}\n<\/style>\n\t<\/section>\n\t\n","protected":false},"excerpt":{"rendered":"","protected":false},"author":1,"featured_media":0,"parent":0,"menu_order":0,"comment_status":"closed","ping_status":"closed","template":"page-blank.php","meta":{"inline_featured_image":false,"footnotes":""},"_links":{"self":[{"href":"https:\/\/lannet.com.vn\/vi\/wp-json\/wp\/v2\/pages\/857"}],"collection":[{"href":"https:\/\/lannet.com.vn\/vi\/wp-json\/wp\/v2\/pages"}],"about":[{"href":"https:\/\/lannet.com.vn\/vi\/wp-json\/wp\/v2\/types\/page"}],"author":[{"embeddable":true,"href":"https:\/\/lannet.com.vn\/vi\/wp-json\/wp\/v2\/users\/1"}],"replies":[{"embeddable":true,"href":"https:\/\/lannet.com.vn\/vi\/wp-json\/wp\/v2\/comments?post=857"}],"version-history":[{"count":5,"href":"https:\/\/lannet.com.vn\/vi\/wp-json\/wp\/v2\/pages\/857\/revisions"}],"predecessor-version":[{"id":1352,"href":"https:\/\/lannet.com.vn\/vi\/wp-json\/wp\/v2\/pages\/857\/revisions\/1352"}],"wp:attachment":[{"href":"https:\/\/lannet.com.vn\/vi\/wp-json\/wp\/v2\/media?parent=857"}],"curies":[{"name":"wp","href":"https:\/\/api.w.org\/{rel}","templated":true}]}}