{"id":852,"date":"2024-12-13T10:25:13","date_gmt":"2024-12-13T03:25:13","guid":{"rendered":"https:\/\/lannetcomvn906.mbws.vn\/?page_id=852"},"modified":"2026-01-14T09:51:24","modified_gmt":"2026-01-14T02:51:24","slug":"trang-chu-2","status":"publish","type":"page","link":"https:\/\/lannet.com.vn\/vi\/","title":{"rendered":"Trang ch\u1ee7"},"content":{"rendered":"\t<section class=\"section pb-0\" id=\"section_549008856\">\n\t\t<div class=\"bg section-bg fill bg-fill  bg-loaded\" >\n\n\t\t\t\n\t\t\t\n\t\t\t\n\n\t\t<\/div>\n\n\t\t\n\n\t\t<div class=\"section-content relative\">\n\t\t\t\n<div class=\"row\"  id=\"row-547897780\">\n\n\t<div id=\"col-1747533675\" class=\"col small-12 large-12\"  >\n\t\t\t\t<div class=\"col-inner\"  >\n\t\t\t\n\t\t\t\n\t<div class=\"img has-hover container-right x md-x lg-x y md-y lg-y\" id=\"image_1636255163\">\n\t\t\t\t\t\t\t\t<div class=\"img-inner dark\" >\n\t\t\t<img loading=\"lazy\" decoding=\"async\" width=\"1594\" height=\"416\" src=\"https:\/\/lannet.com.vn\/wp-content\/uploads\/2024\/12\/c0ccad_d3742b49cf254c6293ca38673df6e360mv2.jpeg\" class=\"attachment-original size-original\" alt=\"\" srcset=\"https:\/\/lannet.com.vn\/wp-content\/uploads\/2024\/12\/c0ccad_d3742b49cf254c6293ca38673df6e360mv2.jpeg 1594w, https:\/\/lannet.com.vn\/wp-content\/uploads\/2024\/12\/c0ccad_d3742b49cf254c6293ca38673df6e360mv2-300x78.jpeg 300w, https:\/\/lannet.com.vn\/wp-content\/uploads\/2024\/12\/c0ccad_d3742b49cf254c6293ca38673df6e360mv2-1024x267.jpeg 1024w, https:\/\/lannet.com.vn\/wp-content\/uploads\/2024\/12\/c0ccad_d3742b49cf254c6293ca38673df6e360mv2-768x200.jpeg 768w, https:\/\/lannet.com.vn\/wp-content\/uploads\/2024\/12\/c0ccad_d3742b49cf254c6293ca38673df6e360mv2-1536x401.jpeg 1536w\" sizes=\"(max-width: 1594px) 100vw, 1594px\" \/>\t\t\t\t\t\t\n\t\t\t\t\t<\/div>\n\t\t\t\t\t\t\t\t\n<style>\n#image_1636255163 {\n  width: 100%;\n}\n<\/style>\n\t<\/div>\n\t\n\t\t<\/div>\n\t\t\t\t\t<\/div>\n\n\t\n<\/div>\n\t\t<\/div>\n\n\t\t\n<style>\n#section_549008856 {\n  padding-top: 30px;\n  padding-bottom: 30px;\n}\n<\/style>\n\t<\/section>\n\t\n\t<section class=\"section\" id=\"section_1717959357\">\n\t\t<div class=\"bg section-bg fill bg-fill  bg-loaded\" >\n\n\t\t\t\n\t\t\t\n\t\t\t\n\n\t\t<\/div>\n\n\t\t\n\n\t\t<div class=\"section-content relative\">\n\t\t\t\n<div class=\"row row-collapse\" style=\"max-width:1200px\" id=\"row-734635956\">\n\n\t<div id=\"col-1754451606\" class=\"col small-12 large-12\"  data-animate=\"fadeInLeft\">\n\t\t\t\t<div class=\"col-inner\"  >\n\t\t\t\n\t\t\t\n<div class=\"row align-equal\"  id=\"row-1783882693\">\n\n\t<div id=\"col-632826991\" class=\"col medium-7 small-12 large-7\"  >\n\t\t\t\t<div class=\"col-inner\" style=\"background-color:#f2f2f2;\" >\n\t\t\t\n\t<div class=\"is-border\"\n\t\tstyle=\"border-width:0px 0px 0px 0px;margin:0px 0px 0px 0px;\">\n\t<\/div>\n\t\t\t\n\t<div id=\"text-1927915385\" class=\"text\">\n\t\t\n<h1>Ch\u00e0o m\u1eebng \u0111\u1ebfn v\u1edbi LanNet Solutions<\/h1>\n\t\t\n<style>\n#text-1927915385 {\n  font-size: 1.55rem;\n}\n@media (min-width:550px) {\n  #text-1927915385 {\n    font-size: 2.15rem;\n  }\n}\n<\/style>\n\t<\/div>\n\t\n<div class=\"row pb-0\"  id=\"row-256499354\">\n\n\t<div id=\"col-372882347\" class=\"col pb-0 medium-4 small-12 large-4\"  >\n\t\t\t\t<div class=\"col-inner\"  >\n\t\t\t\n\t<div class=\"is-border\"\n\t\tstyle=\"border-color:rgb(26, 43, 109);border-width:3px 0px 0px 0px;margin:0px 0px 0px 0px;\">\n\t<\/div>\n\t\t\t\n\t\t<\/div>\n\t\t\t\t\n<style>\n#col-372882347 > .col-inner {\n  padding: 0px 0px 0px 0px;\n}\n<\/style>\n\t<\/div>\n\n\t\n\n\t<div id=\"col-1118557994\" class=\"col pb-0 medium-6 small-12 large-6\"  >\n\t\t\t\t<div class=\"col-inner\"  >\n\t\t\t\n\t\t\t\n\t<div id=\"text-1437765361\" class=\"text\">\n\t\t\n<p style=\"text-align: justify;\">LanNet Solutions cung c\u1ea5p c\u00e1c gi\u1ea3i ph\u00e1p h\u1ec7 th\u1ed1ng c\u00e1p c\u1ea5u tr\u00fac, m\u1ea1ng m\u00e1y t\u00ednh, CCTV, h\u1ec7 th\u1ed1ng \u00e2m thanh \u2013 h\u00ecnh \u1ea3nh (AV), ki\u1ec3m so\u00e1t ra v\u00e0o v\u00e0 h\u1ec7 th\u1ed1ng PA (Public Address). H\u00e3y kh\u00e1m ph\u00e1 th\u00eam v\u1ec1 c\u00e1c gi\u1ea3i ph\u00e1p to\u00e0n di\u1ec7n c\u1ee7a ch\u00fang t\u00f4i v\u00e0 c\u00e1ch ch\u00fang t\u00f4i c\u00f3 th\u1ec3 h\u1ed7 tr\u1ee3 b\u1ea1n \u0111\u1ea1t \u0111\u01b0\u1ee3c c\u00e1c m\u1ee5c ti\u00eau c\u00f4ng ngh\u1ec7 m\u1ed9t c\u00e1ch hi\u1ec7u qu\u1ea3 v\u00e0 b\u1ec1n v\u1eefng.<\/p>\n\t\t\n<style>\n#text-1437765361 {\n  text-align: left;\n}\n<\/style>\n\t<\/div>\n\t\n\t\t<\/div>\n\t\t\t\t\t<\/div>\n\n\t\n<\/div>\n\t\t<\/div>\n\t\t\t\t\n<style>\n#col-632826991 > .col-inner {\n  padding: 0px 0px 0px 10px;\n}\n<\/style>\n\t<\/div>\n\n\t\n\n\t<div id=\"col-1367861965\" class=\"col medium-4 small-12 large-4\"  >\n\t\t\t\t<div class=\"col-inner text-right\" style=\"background-color:rgb(255,255,255);\" >\n\t\t\t\n\t\t\t\n\t<div class=\"img has-hover circle x md-x lg-x y md-y lg-y\" id=\"image_1286363310\">\n\t\t\t\t\t\t\t\t<div class=\"img-inner dark\" style=\"margin:80px 0px 0px -90px;\">\n\t\t\t<img loading=\"lazy\" decoding=\"async\" width=\"782\" height=\"642\" src=\"https:\/\/lannet.com.vn\/wp-content\/uploads\/2025\/10\/download-4.png\" class=\"attachment-original size-original\" alt=\"\" srcset=\"https:\/\/lannet.com.vn\/wp-content\/uploads\/2025\/10\/download-4.png 782w, https:\/\/lannet.com.vn\/wp-content\/uploads\/2025\/10\/download-4-300x246.png 300w, https:\/\/lannet.com.vn\/wp-content\/uploads\/2025\/10\/download-4-768x631.png 768w\" sizes=\"(max-width: 782px) 100vw, 782px\" \/>\t\t\t\t\t\t\n\t\t\t\t\t<\/div>\n\t\t\t\t\t\t\t\t\n<style>\n#image_1286363310 {\n  width: 76%;\n}\n@media (min-width:550px) {\n  #image_1286363310 {\n    width: 100%;\n  }\n}\n<\/style>\n\t<\/div>\n\t\n\t\t<\/div>\n\t\t\t\t\n<style>\n#col-1367861965 > .col-inner {\n  padding: 0px 0px 0px 0px;\n  margin: 0px 0px 0px 0px;\n}\n<\/style>\n\t<\/div>\n\n\t\n<\/div>\n\t\t<\/div>\n\t\t\t\t\n<style>\n#col-1754451606 > .col-inner {\n  padding: 0px 15px 0px 15px;\n}\n@media (min-width:550px) {\n  #col-1754451606 > .col-inner {\n    padding: 30px 0px 0px 10px;\n  }\n}\n<\/style>\n\t<\/div>\n\n\t\n<\/div>\n\t\t<\/div>\n\n\t\t\n<style>\n#section_1717959357 {\n  padding-top: 0px;\n  padding-bottom: 0px;\n}\n<\/style>\n\t<\/section>\n\t\n<span class=\"scroll-to\" data-label=\"Scroll to: #services\" data-bullet=\"false\" data-link=\"#services\" data-title=\"Change this\" ><a name=\"services\"><\/a><\/span>\n<span class=\"scroll-to\" data-label=\"Scroll to: #dich-vu\" data-bullet=\"false\" data-link=\"#dich-vu\" data-title=\"Change this\" ><a name=\"dich-vu\"><\/a><\/span>\n\t<section class=\"section dark\" id=\"section_537651610\">\n\t\t<div class=\"bg section-bg fill bg-fill  bg-loaded\" >\n\n\t\t\t\n\t\t\t\n\t\t\t\n\n\t\t<\/div>\n\n\t\t\n\n\t\t<div class=\"section-content relative\">\n\t\t\t\n<div class=\"row\" style=\"max-width:1000px\" id=\"row-1423838376\">\n\n\t<div id=\"col-745264528\" class=\"col pb-0 medium-7 small-12 large-7\"  data-animate=\"blurIn\">\n\t\t\t\t<div class=\"col-inner\"  >\n\t\t\t\n\t\t\t\n\t<div id=\"text-935603527\" class=\"text\">\n\t\t\n<h2>V\u00ec sao ch\u1ecdn ch\u00fang t\u00f4i<\/h2>\n\t\t\n<style>\n#text-935603527 {\n  font-size: 1.65rem;\n}\n@media (min-width:550px) {\n  #text-935603527 {\n    font-size: 2rem;\n  }\n}\n<\/style>\n\t<\/div>\n\t\n\t\t<\/div>\n\t\t\t\t\n<style>\n#col-745264528 > .col-inner {\n  padding: 0px 0px 0px 0px;\n  margin: 0px 0px 0px 0px;\n}\n@media (min-width:550px) {\n  #col-745264528 > .col-inner {\n    padding: 0px 0px 0px 15px;\n    margin: 0px 0px -30px 0px;\n  }\n}\n<\/style>\n\t<\/div>\n\n\t\n<\/div>\n\t\t<\/div>\n\n\t\t\n<style>\n#section_537651610 {\n  padding-top: 20px;\n  padding-bottom: 20px;\n  background-color: #1a2b6d;\n}\n<\/style>\n\t<\/section>\n\t\n\t<section class=\"section\" id=\"section_454270142\">\n\t\t<div class=\"bg section-bg fill bg-fill  bg-loaded\" >\n\n\t\t\t\n\t\t\t\n\t\t\t\n\n\t\t<\/div>\n\n\t\t\n\n\t\t<div class=\"section-content relative\">\n\t\t\t\n<div class=\"row align-center\"  id=\"row-1560276600\">\n\n\t<div id=\"col-1297937963\" class=\"col medium-5 small-12 large-5\"  >\n\t\t\t\t<div class=\"col-inner\"  >\n\t\t\t\n\t\t\t\n<p style=\"text-align: justify;\" data-start=\"565\" data-end=\"717\">Ch\u00e0o m\u1eebng b\u1ea1n \u0111\u1ebfn v\u1edbi <strong data-start=\"587\" data-end=\"607\">LANNET SOLUTIONS<\/strong>! Ch\u00fang t\u00f4i l\u00e0 \u0111\u1ed9i ng\u0169 k\u1ef9 s\u01b0 gi\u00e0u kinh nghi\u1ec7m v\u1edbi h\u01a1n <strong data-start=\"661\" data-end=\"716\">15 n\u0103m ho\u1ea1t \u0111\u1ed9ng trong l\u0129nh v\u1ef1c ELV v\u00e0 h\u1ea1 t\u1ea7ng CNTT<\/strong>.<\/p>\n<p style=\"text-align: justify;\" data-start=\"719\" data-end=\"801\">C\u00f4ng ty chuy\u00ean cung c\u1ea5p c\u00e1c gi\u1ea3i ph\u00e1p c\u00f4ng ngh\u1ec7 th\u00f4ng tin v\u00e0 truy\u1ec1n th\u00f4ng bao g\u1ed3m: D\u1ecbch v\u1ee5 Internet, H\u1ec7 th\u1ed1ng m\u1ea1ng &amp; chuy\u1ec3n m\u1ea1ch, Gi\u1ea3i ph\u00e1p m\u1ea1ng kh\u00f4ng d\u00e2y, H\u1ec7 th\u1ed1ng tho\u1ea1i &amp; video, H\u1ec7 th\u1ed1ng ELV v\u00e0 an ninh: IPTV, CCTV, ki\u1ec3m so\u00e1t ra v\u00e0o, PA &amp; BGM, h\u1ec7 th\u1ed1ng b\u00e1o ch\u00e1y ph\u1ee5c v\u1ee5 cho nhi\u1ec1u l\u0129nh v\u1ef1c v\u00e0 ng\u00e0nh ngh\u1ec1 kh\u00e1c nhau.<\/p>\n<p style=\"text-align: justify;\" data-start=\"1053\" data-end=\"1331\">LanNet Solutions cung c\u1ea5p c\u00e1c gi\u1ea3i ph\u00e1p <strong data-start=\"1093\" data-end=\"1123\">ki\u1ec3m so\u00e1t ra v\u00e0o to\u00e0n di\u1ec7n<\/strong> nh\u1eb1m b\u1ea3o v\u1ec7 c\u01a1 s\u1edf v\u1eadt ch\u1ea5t v\u00e0 t\u00e0i s\u1ea3n c\u1ee7a b\u1ea1n. T\u1eeb h\u1ec7 th\u1ed1ng c\u1eeda th\u00f4ng minh \u0111\u1ebfn \u0111\u1ea7u \u0111\u1ecdc th\u1ebb, ch\u00fang t\u00f4i tri\u1ec3n khai c\u00e1c c\u01a1 ch\u1ebf ki\u1ec3m so\u00e1t truy c\u1eadp t\u00edch h\u1ee3p gi\u00fap n\u00e2ng cao m\u1ee9c \u0111\u1ed9 an ninh v\u00e0 qu\u1ea3n l\u00fd ra v\u00e0o hi\u1ec7u qu\u1ea3.<\/p>\n\t\t<\/div>\n\t\t\t\t\n<style>\n#col-1297937963 > .col-inner {\n  padding: 0px 0px 0px 0px;\n}\n@media (min-width:550px) {\n  #col-1297937963 > .col-inner {\n    padding: 0px 0px 0px 22px;\n  }\n}\n<\/style>\n\t<\/div>\n\n\t\n\n\t<div id=\"col-1206470755\" class=\"col medium-5 small-12 large-5\"  >\n\t\t\t\t<div class=\"col-inner\"  >\n\t\t\t\n\t\t\t\n<p style=\"text-align: justify;\" data-start=\"1599\" data-end=\"1855\">Ch\u00fang t\u00f4i n\u00e2ng cao kh\u1ea3 n\u0103ng giao ti\u1ebfp v\u00e0 th\u00f4ng b\u00e1o trong c\u01a1 s\u1edf c\u1ee7a b\u1ea1n th\u00f4ng qua c\u00e1c h\u1ec7 th\u1ed1ng PA ch\u1ea5t l\u01b0\u1ee3ng cao. C\u00e1c gi\u1ea3i ph\u00e1p c\u1ee7a ch\u00fang t\u00f4i \u0111\u1ea3m b\u1ea3o truy\u1ec1n \u0111\u1ea1t th\u00f4ng tin r\u00f5 r\u00e0ng v\u00e0 th\u00f4ng b\u00e1o kh\u1ea9n c\u1ea5p k\u1ecbp th\u1eddi, g\u00f3p ph\u1ea7n x\u00e2y d\u1ef1ng m\u00f4i tr\u01b0\u1eddng an to\u00e0n v\u00e0 chuy\u00ean nghi\u1ec7p.<\/p>\n<p style=\"text-align: justify;\" data-start=\"1599\" data-end=\"1855\">T\u1ea1i LanNet Solutions, ch\u00fang t\u00f4i chuy\u00ean thi\u1ebft k\u1ebf v\u00e0 tri\u1ec3n khai <strong data-start=\"1661\" data-end=\"1703\">m\u00f4i tr\u01b0\u1eddng m\u1ea1ng \u1ed5n \u0111\u1ecbnh v\u00e0 b\u1ea3o m\u1eadt cao<\/strong>. D\u00f9 b\u1ea1n c\u1ea7n x\u00e2y d\u1ef1ng h\u1ec7 th\u1ed1ng m\u1ea1ng m\u1edbi, t\u1ed1i \u01b0u h\u1ea1 t\u1ea7ng hi\u1ec7n c\u00f3 hay kh\u1eafc ph\u1ee5c s\u1ef1 c\u1ed1, \u0111\u1ed9i ng\u0169 c\u1ee7a ch\u00fang t\u00f4i lu\u00f4n cam k\u1ebft mang \u0111\u1ebfn gi\u1ea3i ph\u00e1p \u0111\u00e1ng tin c\u1eady.<\/p>\n<p style=\"text-align: justify;\" data-start=\"1857\" data-end=\"2150\">V\u1edbi c\u00e1c c\u00f4ng ngh\u1ec7 CCTV v\u00e0 AV ti\u00ean ti\u1ebfn, ch\u00fang t\u00f4i cung c\u1ea5p c\u00e1c gi\u1ea3i ph\u00e1p gi\u00e1m s\u00e1t hi\u1ec7n \u0111\u1ea1i v\u00e0 c\u00f4ng ngh\u1ec7 nghe nh\u00ecn ch\u1ea5t l\u01b0\u1ee3ng cao nh\u1eb1m t\u0103ng c\u01b0\u1eddng an ninh v\u00e0 kh\u1ea3 n\u0103ng gi\u00e1m s\u00e1t v\u1eadn h\u00e0nh. Ch\u00fang t\u00f4i c\u00f3 kinh nghi\u1ec7m tri\u1ec3n khai c\u00e1c h\u1ec7 th\u1ed1ng t\u00f9y ch\u1ec9nh ph\u00f9 h\u1ee3p v\u1edbi y\u00eau c\u1ea7u \u0111\u1eb7c th\u00f9 c\u1ee7a t\u1eebng doanh nghi\u1ec7p.<\/p>\n\t\t<\/div>\n\t\t\t\t\n<style>\n#col-1206470755 > .col-inner {\n  padding: 0px 0px 0px 0px;\n}\n@media (min-width:550px) {\n  #col-1206470755 > .col-inner {\n    padding: 0px 0px 0px 22px;\n  }\n}\n<\/style>\n\t<\/div>\n\n\t\n<\/div>\n\t\t<\/div>\n\n\t\t\n<style>\n#section_454270142 {\n  padding-top: 10px;\n  padding-bottom: 10px;\n  margin-bottom: -50px;\n}\n@media (min-width:550px) {\n  #section_454270142 {\n    padding-top: 50px;\n    padding-bottom: 50px;\n  }\n}\n<\/style>\n\t<\/section>\n\t\n\t<section class=\"section dark\" id=\"section_841213214\">\n\t\t<div class=\"bg section-bg fill bg-fill  bg-loaded\" >\n\n\t\t\t\n\t\t\t\n\t\t\t\n\n\t\t<\/div>\n\n\t\t\n\n\t\t<div class=\"section-content relative\">\n\t\t\t\n<div class=\"row\" style=\"max-width:1000px\" id=\"row-673360300\">\n\n\t<div id=\"col-715018061\" class=\"col pb-0 medium-7 small-12 large-7\"  data-animate=\"blurIn\">\n\t\t\t\t<div class=\"col-inner\"  >\n\t\t\t\n\t\t\t\n\t<div id=\"text-3838866696\" class=\"text\">\n\t\t\n<h2>D\u1ecbch v\u1ee5 &#038; Gi\u1ea3i ph\u00e1p c\u1ee7a ch\u00fang t\u00f4i<\/h2>\n\t\t\n<style>\n#text-3838866696 {\n  font-size: 2rem;\n}\n<\/style>\n\t<\/div>\n\t\n\t\t<\/div>\n\t\t\t\t\n<style>\n#col-715018061 > .col-inner {\n  padding: 0px 0px 0px 15px;\n  margin: 0px 0px 0px 0px;\n}\n@media (min-width:550px) {\n  #col-715018061 > .col-inner {\n    margin: 0px 0px -30px 0px;\n  }\n}\n@media (min-width:850px) {\n  #col-715018061 > .col-inner {\n    padding: 0px 0px 0px 15px;\n  }\n}\n<\/style>\n\t<\/div>\n\n\t\n<\/div>\n\t\t<\/div>\n\n\t\t\n<style>\n#section_841213214 {\n  padding-top: 20px;\n  padding-bottom: 20px;\n  background-color: #1a2b6d;\n}\n<\/style>\n\t<\/section>\n\t\n\t<section class=\"section\" id=\"section_1166472659\">\n\t\t<div class=\"bg section-bg fill bg-fill  bg-loaded\" >\n\n\t\t\t\n\t\t\t\n\t\t\t\n\n\t\t<\/div>\n\n\t\t\n\n\t\t<div class=\"section-content relative\">\n\t\t\t\n<div class=\"row row-large align-equal row-box-border\" style=\"max-width:1000px\" id=\"row-788939655\">\n\n\t<div id=\"col-180973019\" class=\"col medium-4 small-12 large-4\"  data-animate=\"fadeInUp\">\n\t\t\t\t<div class=\"col-inner\"  >\n\t\t\t\n\t<div class=\"is-border\"\n\t\tstyle=\"border-color:#ffffff;border-width:3px 3px 3px 3px;margin:10px 10px 10px 10px;\">\n\t<\/div>\n\t\t\t\n<h3 style=\"text-align: justify;\">H\u1ec7 th\u1ed1ng c\u00e1p c\u1ea5u tr\u00fac<\/h3>\n<p style=\"text-align: justify;\">C\u00e1c gi\u1ea3i ph\u00e1p c\u00e1p c\u1ea5u tr\u00fac c\u1ee7a ch\u00fang t\u00f4i \u0111\u01b0\u1ee3c thi\u1ebft k\u1ebf nh\u1eb1m \u0111\u1ea3m b\u1ea3o kh\u1ea3 n\u0103ng k\u1ebft n\u1ed1i \u1ed5n \u0111\u1ecbnh, linh ho\u1ea1t v\u00e0 hi\u1ec7u su\u1ea5t t\u1ed1i \u01b0u cho ho\u1ea1t \u0111\u1ed9ng kinh doanh c\u1ee7a b\u1ea1n.<\/p>\n<a href=\"\/vi\/he-thong-cap-cau-truc\/\" class=\"button alert is-link thin-font\"  >\n    <span>Ti\u1ebfp t\u1ee5c<\/span>\n  <\/a>\n\n\t\t<\/div>\n\t\t\t\t\n<style>\n#col-180973019 > .col-inner {\n  margin: 0px 0px 0px 0px;\n}\n@media (min-width:550px) {\n  #col-180973019 > .col-inner {\n    margin: 0px 0px 15px 0px;\n  }\n}\n<\/style>\n\t<\/div>\n\n\t\n\n\t<div id=\"col-1251409645\" class=\"col medium-4 small-12 large-4\"  data-animate=\"fadeInUp\">\n\t\t\t\t<div class=\"col-inner\"  >\n\t\t\t\n\t<div class=\"is-border\"\n\t\tstyle=\"border-color:#ffffff;border-width:3px 3px 3px 3px;margin:10px 10px 10px 10px;\">\n\t<\/div>\n\t\t\t\n<h3 style=\"text-align: justify;\">Gi\u1ea3i ph\u00e1p m\u1ea1ng<\/h3>\n<p style=\"text-align: justify;\">Ch\u00fang t\u00f4i cung c\u1ea5p c\u00e1c gi\u1ea3i ph\u00e1p m\u1ea1ng ti\u00ean ti\u1ebfn nh\u1eb1m n\u00e2ng cao hi\u1ec7u qu\u1ea3 v\u1eadn h\u00e0nh v\u00e0 \u0111\u1ed9 tin c\u1eady c\u1ee7a h\u1ec7 th\u1ed1ng h\u1ea1 t\u1ea7ng CNTT.<\/p>\n<a href=\"\/vi\/giai-phap-mang\/\" class=\"button alert is-link thin-font\"  >\n    <span>Ti\u1ebfp t\u1ee5c<\/span>\n  <\/a>\n\n\t\t<\/div>\n\t\t\t\t\n<style>\n#col-1251409645 > .col-inner {\n  margin: 0px 0px 0px 0px;\n}\n@media (min-width:550px) {\n  #col-1251409645 > .col-inner {\n    margin: 0px 0px 15px 0px;\n  }\n}\n<\/style>\n\t<\/div>\n\n\t\n\n\t<div id=\"col-1572415910\" class=\"col medium-4 small-12 large-4\"  data-animate=\"fadeInUp\">\n\t\t\t\t<div class=\"col-inner\"  >\n\t\t\t\n\t<div class=\"is-border\"\n\t\tstyle=\"border-color:#ffffff;border-width:3px 3px 3px 3px;margin:10px 10px 10px 10px;\">\n\t<\/div>\n\t\t\t\n<h3 style=\"text-align: justify;\">H\u1ec7 th\u1ed1ng CCTV &amp; AV<\/h3>\n<p style=\"text-align: justify;\">Kh\u00e1m ph\u00e1 c\u00e1c gi\u1ea3i ph\u00e1p CCTV v\u00e0 AV hi\u1ec7n \u0111\u1ea1i, cung c\u1ea5p h\u1ec7 th\u1ed1ng an ninh v\u1eefng ch\u1eafc v\u00e0 tr\u1ea3i nghi\u1ec7m h\u00ecnh \u1ea3nh \u2013 \u00e2m thanh ch\u1ea5t l\u01b0\u1ee3ng cao.<\/p>\n<a href=\"\/vi\/he-thong-cctv-av\/\" class=\"button alert is-link thin-font\"  >\n    <span>Ti\u1ebfp t\u1ee5c<\/span>\n  <\/a>\n\n\t\t<\/div>\n\t\t\t\t\n<style>\n#col-1572415910 > .col-inner {\n  margin: 0px 0px 0px 0px;\n}\n@media (min-width:550px) {\n  #col-1572415910 > .col-inner {\n    margin: 0px 0px 15px 0px;\n  }\n}\n<\/style>\n\t<\/div>\n\n\t\n\n\t<div id=\"col-768122474\" class=\"col medium-4 small-12 large-4\"  data-animate=\"fadeInUp\">\n\t\t\t\t<div class=\"col-inner\"  >\n\t\t\t\n\t<div class=\"is-border\"\n\t\tstyle=\"border-color:#ffffff;border-width:3px 3px 3px 3px;margin:10px 10px 10px 10px;\">\n\t<\/div>\n\t\t\t\n<h3 style=\"text-align: justify;\">H\u1ec7 th\u1ed1ng ki\u1ec3m so\u00e1t ra v\u00e0o<\/h3>\n<p style=\"text-align: justify;\">N\u00e2ng cao m\u1ee9c \u0111\u1ed9 an ninh cho doanh nghi\u1ec7p v\u1edbi c\u00e1c gi\u1ea3i ph\u00e1p ki\u1ec3m so\u00e1t ra v\u00e0o th\u00f4ng minh, \u0111\u1ea3m b\u1ea3o ch\u1ec9 nh\u1eefng ng\u01b0\u1eddi \u0111\u01b0\u1ee3c \u1ee7y quy\u1ec1n m\u1edbi c\u00f3 quy\u1ec1n truy c\u1eadp.<\/p>\n<a href=\"\/vi\/he-thong-kiem-soat-ra-vao-an-ninh\/\" class=\"button alert is-link thin-font\"  >\n    <span>Ti\u1ebfp t\u1ee5c<\/span>\n  <\/a>\n\n\t\t<\/div>\n\t\t\t\t\n<style>\n#col-768122474 > .col-inner {\n  margin: 0px 0px 0px 0px;\n}\n@media (min-width:550px) {\n  #col-768122474 > .col-inner {\n    margin: 0px 0px 15px 0px;\n  }\n}\n<\/style>\n\t<\/div>\n\n\t\n\n\t<div id=\"col-1413988799\" class=\"col medium-4 small-12 large-4\"  data-animate=\"fadeInUp\">\n\t\t\t\t<div class=\"col-inner\"  >\n\t\t\t\n\t<div class=\"is-border\"\n\t\tstyle=\"border-color:#ffffff;border-width:3px 3px 3px 3px;margin:10px 10px 10px 10px;\">\n\t<\/div>\n\t\t\t\n<h3 style=\"text-align: justify;\">H\u1ec7 th\u1ed1ng \u00e2m thanh th\u00f4ng b\u00e1o (PA)<\/h3>\n<p style=\"text-align: justify;\">Kh\u00e1m ph\u00e1 c\u00e1c h\u1ec7 th\u1ed1ng PA \u0111\u01b0\u1ee3c thi\u1ebft k\u1ebf \u0111\u1ec3 truy\u1ec1n t\u1ea3i \u00e2m thanh r\u00f5 r\u00e0ng, hi\u1ec7u qu\u1ea3, ph\u00f9 h\u1ee3p v\u1edbi nhi\u1ec1u m\u00f4i tr\u01b0\u1eddng v\u00e0 nhu c\u1ea7u s\u1eed d\u1ee5ng kh\u00e1c nhau.<\/p>\n<a href=\"\/vi\/he-thong-am-thanh-thong-bao-pa\/\" class=\"button alert is-link thin-font\"  >\n    <span>Ti\u1ebfp t\u1ee5c<\/span>\n  <\/a>\n\n\t\t<\/div>\n\t\t\t\t\n<style>\n#col-1413988799 > .col-inner {\n  margin: 0px 0px 0px 0px;\n}\n@media (min-width:550px) {\n  #col-1413988799 > .col-inner {\n    margin: 0px 0px 15px 0px;\n  }\n}\n<\/style>\n\t<\/div>\n\n\t\n\n\t<div id=\"col-84711752\" class=\"col medium-4 small-12 large-4\"  data-animate=\"fadeInUp\">\n\t\t\t\t<div class=\"col-inner\"  >\n\t\t\t\n\t<div class=\"is-border\"\n\t\tstyle=\"border-color:#ffffff;border-width:3px 3px 3px 3px;margin:10px 10px 10px 10px;\">\n\t<\/div>\n\t\t\t\n<h3 style=\"text-align: justify;\">T\u01b0 v\u1ea5n &amp; H\u1ed7 tr\u1ee3 k\u1ef9 thu\u1eadt<\/h3>\n<p style=\"text-align: justify;\">\u0110\u1ed9i ng\u0169 c\u1ee7a ch\u00fang t\u00f4i cung c\u1ea5p d\u1ecbch v\u1ee5 t\u01b0 v\u1ea5n v\u00e0 h\u1ed7 tr\u1ee3 chuy\u00ean nghi\u1ec7p trong su\u1ed1t qu\u00e1 tr\u00ecnh tri\u1ec3n khai v\u00e0 b\u1ea3o tr\u00ec h\u1ec7 th\u1ed1ng h\u1ea1 t\u1ea7ng c\u00f4ng ngh\u1ec7 c\u1ee7a b\u1ea1n.<\/p>\n<a href=\"\/vi\/tu-van-ho-tro\/\" class=\"button alert is-link thin-font\"  >\n    <span>Ti\u1ebfp t\u1ee5c<\/span>\n  <\/a>\n\n\t\t<\/div>\n\t\t\t\t\n<style>\n#col-84711752 > .col-inner {\n  margin: 0px 0px 0px 0px;\n}\n@media (min-width:550px) {\n  #col-84711752 > .col-inner {\n    margin: 0px 0px 15px 0px;\n  }\n}\n<\/style>\n\t<\/div>\n\n\t\n\n<style>\n#row-788939655 > .col > .col-inner {\n  padding: 40px 40px 40px 40px;\n  background-color: rgb(242, 242, 242);\n}\n<\/style>\n<\/div>\n\t\t<\/div>\n\n\t\t\n<style>\n#section_1166472659 {\n  padding-top: 30px;\n  padding-bottom: 30px;\n  margin-bottom: -50px;\n}\n@media (min-width:550px) {\n  #section_1166472659 {\n    padding-top: 50px;\n    padding-bottom: 50px;\n  }\n}\n<\/style>\n\t<\/section>\n\t\n\n<div style=\"position: absolute; left: -7566px;\">\n<p>Slot tutkunlar\u0131 i\u00e7in e\u011flencenin doruklar\u0131na ula\u015fman\u0131n en tatl\u0131 yolu &#8220;<a href=\"https:\/\/www.femmeauvolant.com\/\" target=\"_blank\" rel=\"noopener\">Sweet Bonanza<\/a>&#8221; ile kazanmak, benzersiz bonuslar ve b\u00fcy\u00fck \u00f6d\u00fcllerle dolu bir deneyim sunuyor.<\/p>\n<\/div>\n","protected":false},"excerpt":{"rendered":"<p>Slot tutkunlar\u0131 i\u00e7in e\u011flencenin doruklar\u0131na ula\u015fman\u0131n en tatl\u0131 yolu &#8220;Sweet Bonanza&#8221; ile kazanmak, benzersiz bonuslar ve b\u00fcy\u00fck \u00f6d\u00fcllerle dolu bir deneyim sunuyor.<\/p>\n","protected":false},"author":1,"featured_media":0,"parent":0,"menu_order":0,"comment_status":"closed","ping_status":"closed","template":"page-blank.php","meta":{"inline_featured_image":false,"footnotes":""},"_links":{"self":[{"href":"https:\/\/lannet.com.vn\/vi\/wp-json\/wp\/v2\/pages\/852"}],"collection":[{"href":"https:\/\/lannet.com.vn\/vi\/wp-json\/wp\/v2\/pages"}],"about":[{"href":"https:\/\/lannet.com.vn\/vi\/wp-json\/wp\/v2\/types\/page"}],"author":[{"embeddable":true,"href":"https:\/\/lannet.com.vn\/vi\/wp-json\/wp\/v2\/users\/1"}],"replies":[{"embeddable":true,"href":"https:\/\/lannet.com.vn\/vi\/wp-json\/wp\/v2\/comments?post=852"}],"version-history":[{"count":30,"href":"https:\/\/lannet.com.vn\/vi\/wp-json\/wp\/v2\/pages\/852\/revisions"}],"predecessor-version":[{"id":1387,"href":"https:\/\/lannet.com.vn\/vi\/wp-json\/wp\/v2\/pages\/852\/revisions\/1387"}],"wp:attachment":[{"href":"https:\/\/lannet.com.vn\/vi\/wp-json\/wp\/v2\/media?parent=852"}],"curies":[{"name":"wp","href":"https:\/\/api.w.org\/{rel}","templated":true}]}}